{"id":5365,"date":"2023-05-11T15:48:15","date_gmt":"2023-05-11T13:48:15","guid":{"rendered":"https:\/\/bahnhof.fi\/jobba-hos-oss\/"},"modified":"2026-03-10T09:37:12","modified_gmt":"2026-03-10T08:37:12","slug":"avoimet-tyopaikat","status":"publish","type":"page","link":"https:\/\/bahnhof.fi\/sv\/avoimet-tyopaikat\/","title":{"rendered":"Jobba med oss"},"content":{"rendered":"\t\t<div data-elementor-type=\"wp-page\" data-elementor-id=\"5365\" class=\"elementor elementor-5365 elementor-5097\" data-elementor-post-type=\"page\">\n\t\t\t\t<div data-particle_enable=\"false\" data-particle-mobile-disabled=\"false\" class=\"elementor-element elementor-element-3ac8bbf e-flex e-con-boxed e-con e-parent\" data-id=\"3ac8bbf\" data-element_type=\"container\" data-e-type=\"container\" data-settings=\"{&quot;background_background&quot;:&quot;classic&quot;,&quot;shape_divider_bottom&quot;:&quot;tilt&quot;}\">\n\t\t\t\t\t<div class=\"e-con-inner\">\n\t\t\t\t<div class=\"elementor-shape elementor-shape-bottom\" aria-hidden=\"true\" data-negative=\"false\">\n\t\t\t<svg xmlns=\"http:\/\/www.w3.org\/2000\/svg\" viewBox=\"0 0 1000 100\" preserveAspectRatio=\"none\">\n\t<path class=\"elementor-shape-fill\" d=\"M0,6V0h1000v100L0,6z\"\/>\n<\/svg>\t\t<\/div>\n\t\t<div data-particle_enable=\"false\" data-particle-mobile-disabled=\"false\" class=\"elementor-element elementor-element-1fb4f46 e-con-full e-flex e-con e-child\" data-id=\"1fb4f46\" data-element_type=\"container\" data-e-type=\"container\" data-settings=\"{&quot;background_background&quot;:&quot;classic&quot;}\">\n\t\t\t\t<div class=\"elementor-element elementor-element-66e0b6d elementor-widget elementor-widget-heading\" data-id=\"66e0b6d\" data-element_type=\"widget\" data-e-type=\"widget\" data-widget_type=\"heading.default\">\n\t\t\t\t<div class=\"elementor-widget-container\">\n\t\t\t\t\t<h1 class=\"elementor-heading-title elementor-size-default\">Vill du jobba p\u00e5 Bahnhof?<\/h1>\t\t\t\t<\/div>\n\t\t\t\t<\/div>\n\t\t\t\t<div class=\"elementor-element elementor-element-a72e75b elementor-widget elementor-widget-text-editor\" data-id=\"a72e75b\" data-element_type=\"widget\" data-e-type=\"widget\" data-widget_type=\"text-editor.default\">\n\t\t\t\t<div class=\"elementor-widget-container\">\n\t\t\t\t\t\t\t\t\t<p>Se v\u00e5ra lediga jobb och hitta en tj\u00e4nst som passar dig.<\/p><p>Du \u00e4r ocks\u00e5 v\u00e4lkommen att skicka en spontan jobbans\u00f6kan till oss via e-post p\u00e5 <a href=\"mailto:hakemus@bahnhof.net\">hakemus@bahnhof.net<\/a>.<\/p>\t\t\t\t\t\t\t\t<\/div>\n\t\t\t\t<\/div>\n\t\t\t\t<\/div>\n\t\t<div data-particle_enable=\"false\" data-particle-mobile-disabled=\"false\" class=\"elementor-element elementor-element-11b30d6 e-con-full elementor-hidden-tablet elementor-hidden-mobile e-flex e-con e-child\" data-id=\"11b30d6\" data-element_type=\"container\" data-e-type=\"container\">\n\t\t\t\t<\/div>\n\t\t\t\t\t<\/div>\n\t\t\t\t<\/div>\n\t\t<div data-particle_enable=\"false\" data-particle-mobile-disabled=\"false\" class=\"elementor-element elementor-element-3dd4df2 e-flex e-con-boxed e-con e-parent\" data-id=\"3dd4df2\" data-element_type=\"container\" data-e-type=\"container\" data-settings=\"{&quot;background_background&quot;:&quot;classic&quot;,&quot;background_motion_fx_motion_fx_scrolling&quot;:&quot;yes&quot;,&quot;background_motion_fx_scale_effect&quot;:&quot;yes&quot;,&quot;background_motion_fx_scale_direction&quot;:&quot;in-out&quot;,&quot;background_motion_fx_scale_speed&quot;:{&quot;unit&quot;:&quot;px&quot;,&quot;size&quot;:4,&quot;sizes&quot;:[]},&quot;background_motion_fx_scale_range&quot;:{&quot;unit&quot;:&quot;%&quot;,&quot;size&quot;:&quot;&quot;,&quot;sizes&quot;:{&quot;start&quot;:20,&quot;end&quot;:80}},&quot;background_motion_fx_devices&quot;:[&quot;widescreen&quot;,&quot;desktop&quot;,&quot;laptop&quot;,&quot;tablet&quot;,&quot;mobile&quot;]}\">\n\t\t\t\t\t<div class=\"e-con-inner\">\n\t\t<div data-particle_enable=\"false\" data-particle-mobile-disabled=\"false\" class=\"elementor-element elementor-element-62f645c e-con-full e-flex e-con e-child\" data-id=\"62f645c\" data-element_type=\"container\" data-e-type=\"container\">\n\t\t\t\t<div class=\"elementor-element elementor-element-472ac23 elementor-widget elementor-widget-heading\" data-id=\"472ac23\" data-element_type=\"widget\" data-e-type=\"widget\" data-widget_type=\"heading.default\">\n\t\t\t\t<div class=\"elementor-widget-container\">\n\t\t\t\t\t<h2 class=\"elementor-heading-title elementor-size-default\">Jobba med oss<\/h2>\t\t\t\t<\/div>\n\t\t\t\t<\/div>\n\t\t\t\t<\/div>\n\t\t\t\t\t<\/div>\n\t\t\t\t<\/div>\n\t\t\t\t<\/div>\n\t\t","protected":false},"excerpt":{"rendered":"<p>Vill du jobba p\u00e5 Bahnhof? Se v\u00e5ra lediga jobb och hitta en tj\u00e4nst som passar dig. Du \u00e4r ocks\u00e5 v\u00e4lkommen att skicka en spontan jobbans\u00f6kan till oss via e-post p\u00e5 hakemus@bahnhof.net. Jobba med oss<\/p>\n","protected":false},"author":4,"featured_media":0,"parent":0,"menu_order":0,"comment_status":"closed","ping_status":"closed","template":"elementor_header_footer","meta":{"footnotes":""},"class_list":["post-5365","page","type-page","status-publish","hentry"],"yoast_head":"<!-- This site is optimized with the Yoast SEO plugin v27.3 - https:\/\/yoast.com\/product\/yoast-seo-wordpress\/ -->\n<title>Jobba med oss - Bahnhof<\/title>\n<meta name=\"robots\" content=\"index, follow, max-snippet:-1, max-image-preview:large, max-video-preview:-1\" \/>\n<link rel=\"canonical\" href=\"https:\/\/bahnhof.fi\/sv\/avoimet-tyopaikat\/\" \/>\n<meta property=\"og:locale\" content=\"sv_SE\" \/>\n<meta property=\"og:type\" content=\"article\" \/>\n<meta property=\"og:title\" content=\"Jobba med oss - Bahnhof\" \/>\n<meta property=\"og:description\" content=\"Vill du jobba p\u00e5 Bahnhof? Se v\u00e5ra lediga jobb och hitta en tj\u00e4nst som passar dig. Du \u00e4r ocks\u00e5 v\u00e4lkommen att skicka en spontan jobbans\u00f6kan till oss via e-post p\u00e5 hakemus@bahnhof.net. Jobba med oss\" \/>\n<meta property=\"og:url\" content=\"https:\/\/bahnhof.fi\/sv\/avoimet-tyopaikat\/\" \/>\n<meta property=\"og:site_name\" content=\"Bahnhof\" \/>\n<meta property=\"article:modified_time\" content=\"2026-03-10T08:37:12+00:00\" \/>\n<meta name=\"twitter:card\" content=\"summary_large_image\" \/>\n<meta name=\"twitter:label1\" content=\"Ber\u00e4knad l\u00e4stid\" \/>\n\t<meta name=\"twitter:data1\" content=\"1 minut\" \/>\n<script type=\"application\/ld+json\" class=\"yoast-schema-graph\">{\"@context\":\"https:\\\/\\\/schema.org\",\"@graph\":[{\"@type\":\"WebPage\",\"@id\":\"https:\\\/\\\/bahnhof.fi\\\/sv\\\/avoimet-tyopaikat\\\/\",\"url\":\"https:\\\/\\\/bahnhof.fi\\\/sv\\\/avoimet-tyopaikat\\\/\",\"name\":\"Jobba med oss - Bahnhof\",\"isPartOf\":{\"@id\":\"https:\\\/\\\/bahnhof.fi\\\/#website\"},\"datePublished\":\"2023-05-11T13:48:15+00:00\",\"dateModified\":\"2026-03-10T08:37:12+00:00\",\"breadcrumb\":{\"@id\":\"https:\\\/\\\/bahnhof.fi\\\/sv\\\/avoimet-tyopaikat\\\/#breadcrumb\"},\"inLanguage\":\"sv-SE\",\"potentialAction\":[{\"@type\":\"ReadAction\",\"target\":[\"https:\\\/\\\/bahnhof.fi\\\/sv\\\/avoimet-tyopaikat\\\/\"]}]},{\"@type\":\"BreadcrumbList\",\"@id\":\"https:\\\/\\\/bahnhof.fi\\\/sv\\\/avoimet-tyopaikat\\\/#breadcrumb\",\"itemListElement\":[{\"@type\":\"ListItem\",\"position\":1,\"name\":\"Hem\",\"item\":\"https:\\\/\\\/bahnhof.fi\\\/\"},{\"@type\":\"ListItem\",\"position\":2,\"name\":\"Jobba med oss\"}]},{\"@type\":\"WebSite\",\"@id\":\"https:\\\/\\\/bahnhof.fi\\\/#website\",\"url\":\"https:\\\/\\\/bahnhof.fi\\\/\",\"name\":\"Bahnhof\",\"description\":\" Internet med sekretess\",\"publisher\":{\"@id\":\"https:\\\/\\\/bahnhof.fi\\\/#organization\"},\"potentialAction\":[{\"@type\":\"SearchAction\",\"target\":{\"@type\":\"EntryPoint\",\"urlTemplate\":\"https:\\\/\\\/bahnhof.fi\\\/?s={search_term_string}\"},\"query-input\":{\"@type\":\"PropertyValueSpecification\",\"valueRequired\":true,\"valueName\":\"search_term_string\"}}],\"inLanguage\":\"sv-SE\"},{\"@type\":\"Organization\",\"@id\":\"https:\\\/\\\/bahnhof.fi\\\/#organization\",\"name\":\"Bahnhof\",\"url\":\"https:\\\/\\\/bahnhof.fi\\\/\",\"logo\":{\"@type\":\"ImageObject\",\"inLanguage\":\"sv-SE\",\"@id\":\"https:\\\/\\\/bahnhof.fi\\\/#\\\/schema\\\/logo\\\/image\\\/\",\"url\":\"https:\\\/\\\/bahnhof.fi\\\/wp-content\\\/uploads\\\/2022\\\/10\\\/01_BL_OR_Bahnhof_RGB.svg\",\"contentUrl\":\"https:\\\/\\\/bahnhof.fi\\\/wp-content\\\/uploads\\\/2022\\\/10\\\/01_BL_OR_Bahnhof_RGB.svg\",\"caption\":\"Bahnhof\"},\"image\":{\"@id\":\"https:\\\/\\\/bahnhof.fi\\\/#\\\/schema\\\/logo\\\/image\\\/\"}}]}<\/script>\n<!-- \/ Yoast SEO plugin. -->","yoast_head_json":{"title":"Jobba med oss - Bahnhof","robots":{"index":"index","follow":"follow","max-snippet":"max-snippet:-1","max-image-preview":"max-image-preview:large","max-video-preview":"max-video-preview:-1"},"canonical":"https:\/\/bahnhof.fi\/sv\/avoimet-tyopaikat\/","og_locale":"sv_SE","og_type":"article","og_title":"Jobba med oss - Bahnhof","og_description":"Vill du jobba p\u00e5 Bahnhof? Se v\u00e5ra lediga jobb och hitta en tj\u00e4nst som passar dig. Du \u00e4r ocks\u00e5 v\u00e4lkommen att skicka en spontan jobbans\u00f6kan till oss via e-post p\u00e5 hakemus@bahnhof.net. Jobba med oss","og_url":"https:\/\/bahnhof.fi\/sv\/avoimet-tyopaikat\/","og_site_name":"Bahnhof","article_modified_time":"2026-03-10T08:37:12+00:00","twitter_card":"summary_large_image","twitter_misc":{"Ber\u00e4knad l\u00e4stid":"1 minut"},"schema":{"@context":"https:\/\/schema.org","@graph":[{"@type":"WebPage","@id":"https:\/\/bahnhof.fi\/sv\/avoimet-tyopaikat\/","url":"https:\/\/bahnhof.fi\/sv\/avoimet-tyopaikat\/","name":"Jobba med oss - Bahnhof","isPartOf":{"@id":"https:\/\/bahnhof.fi\/#website"},"datePublished":"2023-05-11T13:48:15+00:00","dateModified":"2026-03-10T08:37:12+00:00","breadcrumb":{"@id":"https:\/\/bahnhof.fi\/sv\/avoimet-tyopaikat\/#breadcrumb"},"inLanguage":"sv-SE","potentialAction":[{"@type":"ReadAction","target":["https:\/\/bahnhof.fi\/sv\/avoimet-tyopaikat\/"]}]},{"@type":"BreadcrumbList","@id":"https:\/\/bahnhof.fi\/sv\/avoimet-tyopaikat\/#breadcrumb","itemListElement":[{"@type":"ListItem","position":1,"name":"Hem","item":"https:\/\/bahnhof.fi\/"},{"@type":"ListItem","position":2,"name":"Jobba med oss"}]},{"@type":"WebSite","@id":"https:\/\/bahnhof.fi\/#website","url":"https:\/\/bahnhof.fi\/","name":"Bahnhof","description":" Internet med sekretess","publisher":{"@id":"https:\/\/bahnhof.fi\/#organization"},"potentialAction":[{"@type":"SearchAction","target":{"@type":"EntryPoint","urlTemplate":"https:\/\/bahnhof.fi\/?s={search_term_string}"},"query-input":{"@type":"PropertyValueSpecification","valueRequired":true,"valueName":"search_term_string"}}],"inLanguage":"sv-SE"},{"@type":"Organization","@id":"https:\/\/bahnhof.fi\/#organization","name":"Bahnhof","url":"https:\/\/bahnhof.fi\/","logo":{"@type":"ImageObject","inLanguage":"sv-SE","@id":"https:\/\/bahnhof.fi\/#\/schema\/logo\/image\/","url":"https:\/\/bahnhof.fi\/wp-content\/uploads\/2022\/10\/01_BL_OR_Bahnhof_RGB.svg","contentUrl":"https:\/\/bahnhof.fi\/wp-content\/uploads\/2022\/10\/01_BL_OR_Bahnhof_RGB.svg","caption":"Bahnhof"},"image":{"@id":"https:\/\/bahnhof.fi\/#\/schema\/logo\/image\/"}}]}},"_links":{"self":[{"href":"https:\/\/bahnhof.fi\/sv\/wp-json\/wp\/v2\/pages\/5365","targetHints":{"allow":["GET"]}}],"collection":[{"href":"https:\/\/bahnhof.fi\/sv\/wp-json\/wp\/v2\/pages"}],"about":[{"href":"https:\/\/bahnhof.fi\/sv\/wp-json\/wp\/v2\/types\/page"}],"author":[{"embeddable":true,"href":"https:\/\/bahnhof.fi\/sv\/wp-json\/wp\/v2\/users\/4"}],"replies":[{"embeddable":true,"href":"https:\/\/bahnhof.fi\/sv\/wp-json\/wp\/v2\/comments?post=5365"}],"version-history":[{"count":0,"href":"https:\/\/bahnhof.fi\/sv\/wp-json\/wp\/v2\/pages\/5365\/revisions"}],"wp:attachment":[{"href":"https:\/\/bahnhof.fi\/sv\/wp-json\/wp\/v2\/media?parent=5365"}],"curies":[{"name":"wp","href":"https:\/\/api.w.org\/{rel}","templated":true}]}}