{"id":13241,"date":"2025-04-07T14:33:05","date_gmt":"2025-04-07T12:33:05","guid":{"rendered":"https:\/\/bahnhof.fi\/villkor\/"},"modified":"2025-12-09T15:17:53","modified_gmt":"2025-12-09T14:17:53","slug":"villkor","status":"publish","type":"page","link":"https:\/\/bahnhof.fi\/sv\/villkor\/","title":{"rendered":"Villkor"},"content":{"rendered":"\t\t<div data-elementor-type=\"wp-page\" data-elementor-id=\"13241\" class=\"elementor elementor-13241 elementor-6263\" data-elementor-post-type=\"page\">\n\t\t\t\t<div data-particle_enable=\"false\" data-particle-mobile-disabled=\"false\" class=\"elementor-element elementor-element-7e5611f e-flex e-con-boxed e-con e-parent\" data-id=\"7e5611f\" data-element_type=\"container\" data-e-type=\"container\" data-settings=\"{&quot;background_background&quot;:&quot;classic&quot;}\">\n\t\t\t\t\t<div class=\"e-con-inner\">\n\t\t<div data-particle_enable=\"false\" data-particle-mobile-disabled=\"false\" class=\"elementor-element elementor-element-3c53260 e-con-full e-flex e-con e-child\" data-id=\"3c53260\" data-element_type=\"container\" data-e-type=\"container\" data-settings=\"{&quot;background_background&quot;:&quot;classic&quot;}\">\n\t\t\t\t<div class=\"elementor-element elementor-element-e536c94 elementor-widget elementor-widget-heading\" data-id=\"e536c94\" data-element_type=\"widget\" data-e-type=\"widget\" data-widget_type=\"heading.default\">\n\t\t\t\t<div class=\"elementor-widget-container\">\n\t\t\t\t\t<h1 class=\"elementor-heading-title elementor-size-default\">Villkor<\/h1>\t\t\t\t<\/div>\n\t\t\t\t<\/div>\n\t\t\t\t<\/div>\n\t\t\t\t\t<\/div>\n\t\t\t\t<\/div>\n\t\t<div data-particle_enable=\"false\" data-particle-mobile-disabled=\"false\" class=\"elementor-element elementor-element-418aaf1 e-flex e-con-boxed e-con e-parent\" data-id=\"418aaf1\" data-element_type=\"container\" data-e-type=\"container\">\n\t\t\t\t\t<div class=\"e-con-inner\">\n\t\t<div data-particle_enable=\"false\" data-particle-mobile-disabled=\"false\" class=\"elementor-element elementor-element-ffd8b14 e-con-full e-flex e-con e-child\" data-id=\"ffd8b14\" data-element_type=\"container\" data-e-type=\"container\">\n\t\t\t\t<div class=\"elementor-element elementor-element-a6baba3 elementor-widget elementor-widget-heading\" data-id=\"a6baba3\" data-element_type=\"widget\" data-e-type=\"widget\" data-widget_type=\"heading.default\">\n\t\t\t\t<div class=\"elementor-widget-container\">\n\t\t\t\t\t<h3 class=\"elementor-heading-title elementor-size-default\">F\u00f6r privatkunder<\/h3>\t\t\t\t<\/div>\n\t\t\t\t<\/div>\n\t\t\t\t<div class=\"elementor-element elementor-element-463be83 elementor-widget elementor-widget-text-editor\" data-id=\"463be83\" data-element_type=\"widget\" data-e-type=\"widget\" data-widget_type=\"text-editor.default\">\n\t\t\t\t<div class=\"elementor-widget-container\">\n\t\t\t\t\t\t\t\t\t<p><a href=\"https:\/\/www.bahnhof.se\/filestorage\/userfiles\/Villkor\/bahnhof-sopimusehdot-yleiset-yksityiset-sv.pdf\" target=\"_blank\" rel=\"noopener\">Allm\u00e4nna och s\u00e4rskilda villkor<\/a><\/p>\t\t\t\t\t\t\t\t<\/div>\n\t\t\t\t<\/div>\n\t\t\t\t<div class=\"elementor-element elementor-element-d6b63c6 elementor-widget elementor-widget-heading\" data-id=\"d6b63c6\" data-element_type=\"widget\" data-e-type=\"widget\" data-widget_type=\"heading.default\">\n\t\t\t\t<div class=\"elementor-widget-container\">\n\t\t\t\t\t<h3 class=\"elementor-heading-title elementor-size-default\">F\u00f6retag, bostadsr\u00e4ttsf\u00f6reningar och fastighets\u00e4gare<\/h3>\t\t\t\t<\/div>\n\t\t\t\t<\/div>\n\t\t\t\t<div class=\"elementor-element elementor-element-84d9c22 elementor-widget elementor-widget-text-editor\" data-id=\"84d9c22\" data-element_type=\"widget\" data-e-type=\"widget\" data-widget_type=\"text-editor.default\">\n\t\t\t\t<div class=\"elementor-widget-container\">\n\t\t\t\t\t\t\t\t\t<p><a href=\"https:\/\/www.bahnhof.se\/filestorage\/userfiles\/Villkor\/bahnhof-villkor-allmanna-foretag-brf-fastighet-finland-se.pdf\" target=\"_blank\" rel=\"noopener\">Allm\u00e4nna villkor f\u00f6retag<\/a><\/p><p><a href=\"https:\/\/www.bahnhof.se\/filestorage\/userfiles\/Villkor\/bahnhof-villkor-sarskilda-foretag-finland-se.pdf\" target=\"_blank\" rel=\"noopener\">S\u00e4rskilda villkor f\u00f6retag<\/a><\/p><p><a href=\"https:\/\/www.bahnhof.se\/filestorage\/userfiles\/Villkor\/bahnhof-villkor-sarskilda-brf-fastighet-se.pdf\" target=\"_blank\" rel=\"noopener\">S\u00e4rskilda villkor bostadsr\u00e4ttsf\u00f6reningar &amp; fastighets\u00e4gare<\/a><\/p>\t\t\t\t\t\t\t\t<\/div>\n\t\t\t\t<\/div>\n\t\t\t\t<\/div>\n\t\t\t\t\t<\/div>\n\t\t\t\t<\/div>\n\t\t\t\t<\/div>\n\t\t","protected":false},"excerpt":{"rendered":"<p>Villkor F\u00f6r privatkunder Allm\u00e4nna och s\u00e4rskilda villkor F\u00f6retag, bostadsr\u00e4ttsf\u00f6reningar och fastighets\u00e4gare Allm\u00e4nna villkor f\u00f6retag S\u00e4rskilda villkor f\u00f6retag S\u00e4rskilda villkor bostadsr\u00e4ttsf\u00f6reningar &amp; fastighets\u00e4gare<\/p>\n","protected":false},"author":4,"featured_media":0,"parent":0,"menu_order":0,"comment_status":"closed","ping_status":"closed","template":"elementor_header_footer","meta":{"footnotes":""},"class_list":["post-13241","page","type-page","status-publish","hentry"],"yoast_head":"<!-- This site is optimized with the Yoast SEO plugin v27.4 - https:\/\/yoast.com\/product\/yoast-seo-wordpress\/ -->\n<title>Villkor - Bahnhof<\/title>\n<meta name=\"robots\" content=\"index, follow, max-snippet:-1, max-image-preview:large, max-video-preview:-1\" \/>\n<link rel=\"canonical\" href=\"https:\/\/bahnhof.fi\/sv\/villkor\/\" \/>\n<meta property=\"og:locale\" content=\"sv_SE\" \/>\n<meta property=\"og:type\" content=\"article\" \/>\n<meta property=\"og:title\" content=\"Villkor - Bahnhof\" \/>\n<meta property=\"og:description\" content=\"Villkor F\u00f6r privatkunder Allm\u00e4nna och s\u00e4rskilda villkor F\u00f6retag, bostadsr\u00e4ttsf\u00f6reningar och fastighets\u00e4gare Allm\u00e4nna villkor f\u00f6retag S\u00e4rskilda villkor f\u00f6retag S\u00e4rskilda villkor bostadsr\u00e4ttsf\u00f6reningar &amp; fastighets\u00e4gare\" \/>\n<meta property=\"og:url\" content=\"https:\/\/bahnhof.fi\/sv\/villkor\/\" \/>\n<meta property=\"og:site_name\" content=\"Bahnhof\" \/>\n<meta property=\"article:modified_time\" content=\"2025-12-09T14:17:53+00:00\" \/>\n<meta name=\"twitter:card\" content=\"summary_large_image\" \/>\n<script type=\"application\/ld+json\" class=\"yoast-schema-graph\">{\"@context\":\"https:\\\/\\\/schema.org\",\"@graph\":[{\"@type\":\"WebPage\",\"@id\":\"https:\\\/\\\/bahnhof.fi\\\/sv\\\/villkor\\\/\",\"url\":\"https:\\\/\\\/bahnhof.fi\\\/sv\\\/villkor\\\/\",\"name\":\"Villkor - Bahnhof\",\"isPartOf\":{\"@id\":\"https:\\\/\\\/bahnhof.fi\\\/#website\"},\"datePublished\":\"2025-04-07T12:33:05+00:00\",\"dateModified\":\"2025-12-09T14:17:53+00:00\",\"breadcrumb\":{\"@id\":\"https:\\\/\\\/bahnhof.fi\\\/sv\\\/villkor\\\/#breadcrumb\"},\"inLanguage\":\"sv-SE\",\"potentialAction\":[{\"@type\":\"ReadAction\",\"target\":[\"https:\\\/\\\/bahnhof.fi\\\/sv\\\/villkor\\\/\"]}]},{\"@type\":\"BreadcrumbList\",\"@id\":\"https:\\\/\\\/bahnhof.fi\\\/sv\\\/villkor\\\/#breadcrumb\",\"itemListElement\":[{\"@type\":\"ListItem\",\"position\":1,\"name\":\"Hem\",\"item\":\"https:\\\/\\\/bahnhof.fi\\\/\"},{\"@type\":\"ListItem\",\"position\":2,\"name\":\"Villkor\"}]},{\"@type\":\"WebSite\",\"@id\":\"https:\\\/\\\/bahnhof.fi\\\/#website\",\"url\":\"https:\\\/\\\/bahnhof.fi\\\/\",\"name\":\"Bahnhof\",\"description\":\" Internet med sekretess\",\"publisher\":{\"@id\":\"https:\\\/\\\/bahnhof.fi\\\/#organization\"},\"potentialAction\":[{\"@type\":\"SearchAction\",\"target\":{\"@type\":\"EntryPoint\",\"urlTemplate\":\"https:\\\/\\\/bahnhof.fi\\\/?s={search_term_string}\"},\"query-input\":{\"@type\":\"PropertyValueSpecification\",\"valueRequired\":true,\"valueName\":\"search_term_string\"}}],\"inLanguage\":\"sv-SE\"},{\"@type\":\"Organization\",\"@id\":\"https:\\\/\\\/bahnhof.fi\\\/#organization\",\"name\":\"Bahnhof\",\"url\":\"https:\\\/\\\/bahnhof.fi\\\/\",\"logo\":{\"@type\":\"ImageObject\",\"inLanguage\":\"sv-SE\",\"@id\":\"https:\\\/\\\/bahnhof.fi\\\/#\\\/schema\\\/logo\\\/image\\\/\",\"url\":\"https:\\\/\\\/bahnhof.fi\\\/wp-content\\\/uploads\\\/2022\\\/10\\\/01_BL_OR_Bahnhof_RGB.svg\",\"contentUrl\":\"https:\\\/\\\/bahnhof.fi\\\/wp-content\\\/uploads\\\/2022\\\/10\\\/01_BL_OR_Bahnhof_RGB.svg\",\"caption\":\"Bahnhof\"},\"image\":{\"@id\":\"https:\\\/\\\/bahnhof.fi\\\/#\\\/schema\\\/logo\\\/image\\\/\"}}]}<\/script>\n<!-- \/ Yoast SEO plugin. -->","yoast_head_json":{"title":"Villkor - Bahnhof","robots":{"index":"index","follow":"follow","max-snippet":"max-snippet:-1","max-image-preview":"max-image-preview:large","max-video-preview":"max-video-preview:-1"},"canonical":"https:\/\/bahnhof.fi\/sv\/villkor\/","og_locale":"sv_SE","og_type":"article","og_title":"Villkor - Bahnhof","og_description":"Villkor F\u00f6r privatkunder Allm\u00e4nna och s\u00e4rskilda villkor F\u00f6retag, bostadsr\u00e4ttsf\u00f6reningar och fastighets\u00e4gare Allm\u00e4nna villkor f\u00f6retag S\u00e4rskilda villkor f\u00f6retag S\u00e4rskilda villkor bostadsr\u00e4ttsf\u00f6reningar &amp; fastighets\u00e4gare","og_url":"https:\/\/bahnhof.fi\/sv\/villkor\/","og_site_name":"Bahnhof","article_modified_time":"2025-12-09T14:17:53+00:00","twitter_card":"summary_large_image","schema":{"@context":"https:\/\/schema.org","@graph":[{"@type":"WebPage","@id":"https:\/\/bahnhof.fi\/sv\/villkor\/","url":"https:\/\/bahnhof.fi\/sv\/villkor\/","name":"Villkor - Bahnhof","isPartOf":{"@id":"https:\/\/bahnhof.fi\/#website"},"datePublished":"2025-04-07T12:33:05+00:00","dateModified":"2025-12-09T14:17:53+00:00","breadcrumb":{"@id":"https:\/\/bahnhof.fi\/sv\/villkor\/#breadcrumb"},"inLanguage":"sv-SE","potentialAction":[{"@type":"ReadAction","target":["https:\/\/bahnhof.fi\/sv\/villkor\/"]}]},{"@type":"BreadcrumbList","@id":"https:\/\/bahnhof.fi\/sv\/villkor\/#breadcrumb","itemListElement":[{"@type":"ListItem","position":1,"name":"Hem","item":"https:\/\/bahnhof.fi\/"},{"@type":"ListItem","position":2,"name":"Villkor"}]},{"@type":"WebSite","@id":"https:\/\/bahnhof.fi\/#website","url":"https:\/\/bahnhof.fi\/","name":"Bahnhof","description":" Internet med sekretess","publisher":{"@id":"https:\/\/bahnhof.fi\/#organization"},"potentialAction":[{"@type":"SearchAction","target":{"@type":"EntryPoint","urlTemplate":"https:\/\/bahnhof.fi\/?s={search_term_string}"},"query-input":{"@type":"PropertyValueSpecification","valueRequired":true,"valueName":"search_term_string"}}],"inLanguage":"sv-SE"},{"@type":"Organization","@id":"https:\/\/bahnhof.fi\/#organization","name":"Bahnhof","url":"https:\/\/bahnhof.fi\/","logo":{"@type":"ImageObject","inLanguage":"sv-SE","@id":"https:\/\/bahnhof.fi\/#\/schema\/logo\/image\/","url":"https:\/\/bahnhof.fi\/wp-content\/uploads\/2022\/10\/01_BL_OR_Bahnhof_RGB.svg","contentUrl":"https:\/\/bahnhof.fi\/wp-content\/uploads\/2022\/10\/01_BL_OR_Bahnhof_RGB.svg","caption":"Bahnhof"},"image":{"@id":"https:\/\/bahnhof.fi\/#\/schema\/logo\/image\/"}}]}},"_links":{"self":[{"href":"https:\/\/bahnhof.fi\/sv\/wp-json\/wp\/v2\/pages\/13241","targetHints":{"allow":["GET"]}}],"collection":[{"href":"https:\/\/bahnhof.fi\/sv\/wp-json\/wp\/v2\/pages"}],"about":[{"href":"https:\/\/bahnhof.fi\/sv\/wp-json\/wp\/v2\/types\/page"}],"author":[{"embeddable":true,"href":"https:\/\/bahnhof.fi\/sv\/wp-json\/wp\/v2\/users\/4"}],"replies":[{"embeddable":true,"href":"https:\/\/bahnhof.fi\/sv\/wp-json\/wp\/v2\/comments?post=13241"}],"version-history":[{"count":0,"href":"https:\/\/bahnhof.fi\/sv\/wp-json\/wp\/v2\/pages\/13241\/revisions"}],"wp:attachment":[{"href":"https:\/\/bahnhof.fi\/sv\/wp-json\/wp\/v2\/media?parent=13241"}],"curies":[{"name":"wp","href":"https:\/\/api.w.org\/{rel}","templated":true}]}}