{"id":13067,"date":"2025-04-04T15:02:24","date_gmt":"2025-04-04T13:02:24","guid":{"rendered":"https:\/\/bahnhof.fi\/oppna-nat\/valokuitunen\/"},"modified":"2025-04-04T15:02:55","modified_gmt":"2025-04-04T13:02:55","slug":"valokuitunen","status":"publish","type":"page","link":"https:\/\/bahnhof.fi\/sv\/oppna-nat\/valokuitunen\/","title":{"rendered":"Valokuitunen"},"content":{"rendered":"\t\t<div data-elementor-type=\"wp-page\" data-elementor-id=\"13067\" class=\"elementor elementor-13067 elementor-12945\" data-elementor-post-type=\"page\">\n\t\t\t\t<div data-particle_enable=\"false\" data-particle-mobile-disabled=\"false\" class=\"elementor-element elementor-element-15a2413 e-flex e-con-boxed e-con e-parent\" data-id=\"15a2413\" data-element_type=\"container\" data-e-type=\"container\" data-settings=\"{&quot;background_background&quot;:&quot;classic&quot;}\">\n\t\t\t\t\t<div class=\"e-con-inner\">\n\t\t\t\t<div class=\"elementor-element elementor-element-d3868c0 elementor-widget elementor-widget-heading\" data-id=\"d3868c0\" data-element_type=\"widget\" data-e-type=\"widget\" data-widget_type=\"heading.default\">\n\t\t\t\t<div class=\"elementor-widget-container\">\n\t\t\t\t\t<h1 class=\"elementor-heading-title elementor-size-default\">Valokuitunen<\/h1>\t\t\t\t<\/div>\n\t\t\t\t<\/div>\n\t\t\t\t\t<\/div>\n\t\t\t\t<\/div>\n\t\t<div data-particle_enable=\"false\" data-particle-mobile-disabled=\"false\" class=\"elementor-element elementor-element-d348035 e-flex e-con-boxed e-con e-parent\" data-id=\"d348035\" data-element_type=\"container\" data-e-type=\"container\">\n\t\t\t\t\t<div class=\"e-con-inner\">\n\t\t\t\t<div class=\"elementor-element elementor-element-b4d41ad elementor-widget elementor-widget-text-editor\" data-id=\"b4d41ad\" data-element_type=\"widget\" data-e-type=\"widget\" data-widget_type=\"text-editor.default\">\n\t\t\t\t<div class=\"elementor-widget-container\">\n\t\t\t\t\t\t\t\t\t<p>Valokuitunen \u00e4r Finlands st\u00f6rsta \u00f6ppna n\u00e4t, och har funnits sedan 2020. Man str\u00e4var efter att vara en av de ledande akt\u00f6rerna i digitalisering, n\u00e5got de g\u00f6r via utveckling av infrastruktur och n\u00e4rliggande tj\u00e4nster i hela Finland. <\/p>\n<p>Bahnhof erbjuder bredbandstj\u00e4nster till b\u00e5de privat- och f\u00f6retagskunder.<\/p>\n<p>Via Valokuitunens \u00f6ppna n\u00e4t f\u00e5r du tillg\u00e5ng till Finlands snabbaste och s\u00e4kraste internetuppkopling s\u00e5 att du enkelt kan str\u00f6mma film, spela online och styra hela ditt uppkopplade hem utan avbrott.<\/p>\n<p>Testa om du kan best\u00e4lla Bahnhofs bredband via Valokuitunens \u00f6ppna n\u00e4t h\u00e4r nedan.<\/p>\n\t\t\t\t\t\t\t\t<\/div>\n\t\t\t\t<\/div>\n\t\t\t\t<div class=\"elementor-element elementor-element-08b79f6 elementor-widget elementor-widget-button\" data-id=\"08b79f6\" data-element_type=\"widget\" data-e-type=\"widget\" data-widget_type=\"button.default\">\n\t\t\t\t<div class=\"elementor-widget-container\">\n\t\t\t\t\t\t\t\t\t<div class=\"elementor-button-wrapper\">\n\t\t\t\t\t<a class=\"elementor-button elementor-button-link elementor-size-sm\" href=\"https:\/\/www.bahnhof.fi\">\n\t\t\t\t\t\t<span class=\"elementor-button-content-wrapper\">\n\t\t\t\t\t\t\t\t\t<span class=\"elementor-button-text\">Best\u00e4ll h\u00e4r<\/span>\n\t\t\t\t\t<\/span>\n\t\t\t\t\t<\/a>\n\t\t\t\t<\/div>\n\t\t\t\t\t\t\t\t<\/div>\n\t\t\t\t<\/div>\n\t\t\t\t<div class=\"elementor-element elementor-element-6d7d5e0 elementor-widget elementor-widget-image\" data-id=\"6d7d5e0\" data-element_type=\"widget\" data-e-type=\"widget\" data-widget_type=\"image.default\">\n\t\t\t\t<div class=\"elementor-widget-container\">\n\t\t\t\t\t\t\t\t\t\t\t\t\t\t\t\t<a href=\"https:\/\/valokuitunen.fi\/\" target=\"_blank\">\n\t\t\t\t\t\t\t<img fetchpriority=\"high\" decoding=\"async\" width=\"664\" height=\"424\" src=\"https:\/\/bahnhof.fi\/wp-content\/uploads\/2025\/02\/valokuitunen-logo.png\" class=\"attachment-full size-full wp-image-11989\" alt=\"Valokuitunen Logo\" srcset=\"https:\/\/bahnhof.fi\/wp-content\/uploads\/2025\/02\/valokuitunen-logo.png 664w, https:\/\/bahnhof.fi\/wp-content\/uploads\/2025\/02\/valokuitunen-logo-300x192.png 300w\" sizes=\"(max-width: 664px) 100vw, 664px\" \/>\t\t\t\t\t\t\t\t<\/a>\n\t\t\t\t\t\t\t\t\t\t\t\t\t\t\t<\/div>\n\t\t\t\t<\/div>\n\t\t\t\t\t<\/div>\n\t\t\t\t<\/div>\n\t\t\t\t<\/div>\n\t\t","protected":false},"excerpt":{"rendered":"<p>Valokuitunen Valokuitunen \u00e4r Finlands st\u00f6rsta \u00f6ppna n\u00e4t, och har funnits sedan 2020. Man str\u00e4var efter att vara en av de ledande akt\u00f6rerna i digitalisering, n\u00e5got de g\u00f6r via utveckling av infrastruktur och n\u00e4rliggande tj\u00e4nster i hela Finland. Bahnhof erbjuder bredbandstj\u00e4nster till b\u00e5de privat- och f\u00f6retagskunder. Via Valokuitunens \u00f6ppna n\u00e4t f\u00e5r du tillg\u00e5ng till Finlands snabbaste [&hellip;]<\/p>\n","protected":false},"author":11,"featured_media":0,"parent":13047,"menu_order":0,"comment_status":"closed","ping_status":"closed","template":"elementor_header_footer","meta":{"footnotes":""},"class_list":["post-13067","page","type-page","status-publish","hentry"],"yoast_head":"<!-- This site is optimized with the Yoast SEO plugin v27.3 - https:\/\/yoast.com\/product\/yoast-seo-wordpress\/ -->\n<title>Valokuitunen - Bahnhof<\/title>\n<meta name=\"robots\" content=\"index, follow, max-snippet:-1, max-image-preview:large, max-video-preview:-1\" \/>\n<link rel=\"canonical\" href=\"https:\/\/bahnhof.fi\/sv\/oppna-nat\/valokuitunen\/\" \/>\n<meta property=\"og:locale\" content=\"sv_SE\" \/>\n<meta property=\"og:type\" content=\"article\" \/>\n<meta property=\"og:title\" content=\"Valokuitunen - Bahnhof\" \/>\n<meta property=\"og:description\" content=\"Valokuitunen Valokuitunen \u00e4r Finlands st\u00f6rsta \u00f6ppna n\u00e4t, och har funnits sedan 2020. Man str\u00e4var efter att vara en av de ledande akt\u00f6rerna i digitalisering, n\u00e5got de g\u00f6r via utveckling av infrastruktur och n\u00e4rliggande tj\u00e4nster i hela Finland. Bahnhof erbjuder bredbandstj\u00e4nster till b\u00e5de privat- och f\u00f6retagskunder. Via Valokuitunens \u00f6ppna n\u00e4t f\u00e5r du tillg\u00e5ng till Finlands snabbaste [&hellip;]\" \/>\n<meta property=\"og:url\" content=\"https:\/\/bahnhof.fi\/sv\/oppna-nat\/valokuitunen\/\" \/>\n<meta property=\"og:site_name\" content=\"Bahnhof\" \/>\n<meta property=\"article:modified_time\" content=\"2025-04-04T13:02:55+00:00\" \/>\n<meta property=\"og:image\" content=\"https:\/\/bahnhof.fi\/wp-content\/uploads\/2025\/02\/valokuitunen-logo.png\" \/>\n\t<meta property=\"og:image:width\" content=\"664\" \/>\n\t<meta property=\"og:image:height\" content=\"424\" \/>\n\t<meta property=\"og:image:type\" content=\"image\/png\" \/>\n<meta name=\"twitter:card\" content=\"summary_large_image\" \/>\n<meta name=\"twitter:label1\" content=\"Ber\u00e4knad l\u00e4stid\" \/>\n\t<meta name=\"twitter:data1\" content=\"1 minut\" \/>\n<script type=\"application\/ld+json\" class=\"yoast-schema-graph\">{\"@context\":\"https:\\\/\\\/schema.org\",\"@graph\":[{\"@type\":\"WebPage\",\"@id\":\"https:\\\/\\\/bahnhof.fi\\\/sv\\\/oppna-nat\\\/valokuitunen\\\/\",\"url\":\"https:\\\/\\\/bahnhof.fi\\\/sv\\\/oppna-nat\\\/valokuitunen\\\/\",\"name\":\"Valokuitunen - Bahnhof\",\"isPartOf\":{\"@id\":\"https:\\\/\\\/bahnhof.fi\\\/#website\"},\"primaryImageOfPage\":{\"@id\":\"https:\\\/\\\/bahnhof.fi\\\/sv\\\/oppna-nat\\\/valokuitunen\\\/#primaryimage\"},\"image\":{\"@id\":\"https:\\\/\\\/bahnhof.fi\\\/sv\\\/oppna-nat\\\/valokuitunen\\\/#primaryimage\"},\"thumbnailUrl\":\"https:\\\/\\\/bahnhof.fi\\\/wp-content\\\/uploads\\\/2025\\\/02\\\/valokuitunen-logo.png\",\"datePublished\":\"2025-04-04T13:02:24+00:00\",\"dateModified\":\"2025-04-04T13:02:55+00:00\",\"breadcrumb\":{\"@id\":\"https:\\\/\\\/bahnhof.fi\\\/sv\\\/oppna-nat\\\/valokuitunen\\\/#breadcrumb\"},\"inLanguage\":\"sv-SE\",\"potentialAction\":[{\"@type\":\"ReadAction\",\"target\":[\"https:\\\/\\\/bahnhof.fi\\\/sv\\\/oppna-nat\\\/valokuitunen\\\/\"]}]},{\"@type\":\"ImageObject\",\"inLanguage\":\"sv-SE\",\"@id\":\"https:\\\/\\\/bahnhof.fi\\\/sv\\\/oppna-nat\\\/valokuitunen\\\/#primaryimage\",\"url\":\"https:\\\/\\\/bahnhof.fi\\\/wp-content\\\/uploads\\\/2025\\\/02\\\/valokuitunen-logo.png\",\"contentUrl\":\"https:\\\/\\\/bahnhof.fi\\\/wp-content\\\/uploads\\\/2025\\\/02\\\/valokuitunen-logo.png\"},{\"@type\":\"BreadcrumbList\",\"@id\":\"https:\\\/\\\/bahnhof.fi\\\/sv\\\/oppna-nat\\\/valokuitunen\\\/#breadcrumb\",\"itemListElement\":[{\"@type\":\"ListItem\",\"position\":1,\"name\":\"Hem\",\"item\":\"https:\\\/\\\/bahnhof.fi\\\/\"},{\"@type\":\"ListItem\",\"position\":2,\"name\":\"\u00d6ppna n\u00e4t\",\"item\":\"https:\\\/\\\/bahnhof.fi\\\/sv\\\/oppna-nat\\\/\"},{\"@type\":\"ListItem\",\"position\":3,\"name\":\"Valokuitunen\"}]},{\"@type\":\"WebSite\",\"@id\":\"https:\\\/\\\/bahnhof.fi\\\/#website\",\"url\":\"https:\\\/\\\/bahnhof.fi\\\/\",\"name\":\"Bahnhof\",\"description\":\" Internet med sekretess\",\"publisher\":{\"@id\":\"https:\\\/\\\/bahnhof.fi\\\/#organization\"},\"potentialAction\":[{\"@type\":\"SearchAction\",\"target\":{\"@type\":\"EntryPoint\",\"urlTemplate\":\"https:\\\/\\\/bahnhof.fi\\\/?s={search_term_string}\"},\"query-input\":{\"@type\":\"PropertyValueSpecification\",\"valueRequired\":true,\"valueName\":\"search_term_string\"}}],\"inLanguage\":\"sv-SE\"},{\"@type\":\"Organization\",\"@id\":\"https:\\\/\\\/bahnhof.fi\\\/#organization\",\"name\":\"Bahnhof\",\"url\":\"https:\\\/\\\/bahnhof.fi\\\/\",\"logo\":{\"@type\":\"ImageObject\",\"inLanguage\":\"sv-SE\",\"@id\":\"https:\\\/\\\/bahnhof.fi\\\/#\\\/schema\\\/logo\\\/image\\\/\",\"url\":\"https:\\\/\\\/bahnhof.fi\\\/wp-content\\\/uploads\\\/2022\\\/10\\\/01_BL_OR_Bahnhof_RGB.svg\",\"contentUrl\":\"https:\\\/\\\/bahnhof.fi\\\/wp-content\\\/uploads\\\/2022\\\/10\\\/01_BL_OR_Bahnhof_RGB.svg\",\"caption\":\"Bahnhof\"},\"image\":{\"@id\":\"https:\\\/\\\/bahnhof.fi\\\/#\\\/schema\\\/logo\\\/image\\\/\"}}]}<\/script>\n<!-- \/ Yoast SEO plugin. -->","yoast_head_json":{"title":"Valokuitunen - Bahnhof","robots":{"index":"index","follow":"follow","max-snippet":"max-snippet:-1","max-image-preview":"max-image-preview:large","max-video-preview":"max-video-preview:-1"},"canonical":"https:\/\/bahnhof.fi\/sv\/oppna-nat\/valokuitunen\/","og_locale":"sv_SE","og_type":"article","og_title":"Valokuitunen - Bahnhof","og_description":"Valokuitunen Valokuitunen \u00e4r Finlands st\u00f6rsta \u00f6ppna n\u00e4t, och har funnits sedan 2020. Man str\u00e4var efter att vara en av de ledande akt\u00f6rerna i digitalisering, n\u00e5got de g\u00f6r via utveckling av infrastruktur och n\u00e4rliggande tj\u00e4nster i hela Finland. Bahnhof erbjuder bredbandstj\u00e4nster till b\u00e5de privat- och f\u00f6retagskunder. Via Valokuitunens \u00f6ppna n\u00e4t f\u00e5r du tillg\u00e5ng till Finlands snabbaste [&hellip;]","og_url":"https:\/\/bahnhof.fi\/sv\/oppna-nat\/valokuitunen\/","og_site_name":"Bahnhof","article_modified_time":"2025-04-04T13:02:55+00:00","og_image":[{"width":664,"height":424,"url":"https:\/\/bahnhof.fi\/wp-content\/uploads\/2025\/02\/valokuitunen-logo.png","type":"image\/png"}],"twitter_card":"summary_large_image","twitter_misc":{"Ber\u00e4knad l\u00e4stid":"1 minut"},"schema":{"@context":"https:\/\/schema.org","@graph":[{"@type":"WebPage","@id":"https:\/\/bahnhof.fi\/sv\/oppna-nat\/valokuitunen\/","url":"https:\/\/bahnhof.fi\/sv\/oppna-nat\/valokuitunen\/","name":"Valokuitunen - Bahnhof","isPartOf":{"@id":"https:\/\/bahnhof.fi\/#website"},"primaryImageOfPage":{"@id":"https:\/\/bahnhof.fi\/sv\/oppna-nat\/valokuitunen\/#primaryimage"},"image":{"@id":"https:\/\/bahnhof.fi\/sv\/oppna-nat\/valokuitunen\/#primaryimage"},"thumbnailUrl":"https:\/\/bahnhof.fi\/wp-content\/uploads\/2025\/02\/valokuitunen-logo.png","datePublished":"2025-04-04T13:02:24+00:00","dateModified":"2025-04-04T13:02:55+00:00","breadcrumb":{"@id":"https:\/\/bahnhof.fi\/sv\/oppna-nat\/valokuitunen\/#breadcrumb"},"inLanguage":"sv-SE","potentialAction":[{"@type":"ReadAction","target":["https:\/\/bahnhof.fi\/sv\/oppna-nat\/valokuitunen\/"]}]},{"@type":"ImageObject","inLanguage":"sv-SE","@id":"https:\/\/bahnhof.fi\/sv\/oppna-nat\/valokuitunen\/#primaryimage","url":"https:\/\/bahnhof.fi\/wp-content\/uploads\/2025\/02\/valokuitunen-logo.png","contentUrl":"https:\/\/bahnhof.fi\/wp-content\/uploads\/2025\/02\/valokuitunen-logo.png"},{"@type":"BreadcrumbList","@id":"https:\/\/bahnhof.fi\/sv\/oppna-nat\/valokuitunen\/#breadcrumb","itemListElement":[{"@type":"ListItem","position":1,"name":"Hem","item":"https:\/\/bahnhof.fi\/"},{"@type":"ListItem","position":2,"name":"\u00d6ppna n\u00e4t","item":"https:\/\/bahnhof.fi\/sv\/oppna-nat\/"},{"@type":"ListItem","position":3,"name":"Valokuitunen"}]},{"@type":"WebSite","@id":"https:\/\/bahnhof.fi\/#website","url":"https:\/\/bahnhof.fi\/","name":"Bahnhof","description":" Internet med sekretess","publisher":{"@id":"https:\/\/bahnhof.fi\/#organization"},"potentialAction":[{"@type":"SearchAction","target":{"@type":"EntryPoint","urlTemplate":"https:\/\/bahnhof.fi\/?s={search_term_string}"},"query-input":{"@type":"PropertyValueSpecification","valueRequired":true,"valueName":"search_term_string"}}],"inLanguage":"sv-SE"},{"@type":"Organization","@id":"https:\/\/bahnhof.fi\/#organization","name":"Bahnhof","url":"https:\/\/bahnhof.fi\/","logo":{"@type":"ImageObject","inLanguage":"sv-SE","@id":"https:\/\/bahnhof.fi\/#\/schema\/logo\/image\/","url":"https:\/\/bahnhof.fi\/wp-content\/uploads\/2022\/10\/01_BL_OR_Bahnhof_RGB.svg","contentUrl":"https:\/\/bahnhof.fi\/wp-content\/uploads\/2022\/10\/01_BL_OR_Bahnhof_RGB.svg","caption":"Bahnhof"},"image":{"@id":"https:\/\/bahnhof.fi\/#\/schema\/logo\/image\/"}}]}},"_links":{"self":[{"href":"https:\/\/bahnhof.fi\/sv\/wp-json\/wp\/v2\/pages\/13067","targetHints":{"allow":["GET"]}}],"collection":[{"href":"https:\/\/bahnhof.fi\/sv\/wp-json\/wp\/v2\/pages"}],"about":[{"href":"https:\/\/bahnhof.fi\/sv\/wp-json\/wp\/v2\/types\/page"}],"author":[{"embeddable":true,"href":"https:\/\/bahnhof.fi\/sv\/wp-json\/wp\/v2\/users\/11"}],"replies":[{"embeddable":true,"href":"https:\/\/bahnhof.fi\/sv\/wp-json\/wp\/v2\/comments?post=13067"}],"version-history":[{"count":0,"href":"https:\/\/bahnhof.fi\/sv\/wp-json\/wp\/v2\/pages\/13067\/revisions"}],"up":[{"embeddable":true,"href":"https:\/\/bahnhof.fi\/sv\/wp-json\/wp\/v2\/pages\/13047"}],"wp:attachment":[{"href":"https:\/\/bahnhof.fi\/sv\/wp-json\/wp\/v2\/media?parent=13067"}],"curies":[{"name":"wp","href":"https:\/\/api.w.org\/{rel}","templated":true}]}}