{"id":13055,"date":"2025-04-04T14:59:41","date_gmt":"2025-04-04T12:59:41","guid":{"rendered":"https:\/\/bahnhof.fi\/oppna-nat\/telia-oppen-fiber\/"},"modified":"2025-04-04T16:05:43","modified_gmt":"2025-04-04T14:05:43","slug":"telia-oppen-fiber","status":"publish","type":"page","link":"https:\/\/bahnhof.fi\/sv\/oppna-nat\/telia-oppen-fiber\/","title":{"rendered":"Telia \u00d6ppen Fiber"},"content":{"rendered":"\t\t<div data-elementor-type=\"wp-page\" data-elementor-id=\"13055\" class=\"elementor elementor-13055 elementor-12985\" data-elementor-post-type=\"page\">\n\t\t\t\t<div data-particle_enable=\"false\" data-particle-mobile-disabled=\"false\" class=\"elementor-element elementor-element-15a2413 e-flex e-con-boxed e-con e-parent\" data-id=\"15a2413\" data-element_type=\"container\" data-e-type=\"container\" data-settings=\"{&quot;background_background&quot;:&quot;classic&quot;}\">\n\t\t\t\t\t<div class=\"e-con-inner\">\n\t\t\t\t<div class=\"elementor-element elementor-element-d3868c0 elementor-widget elementor-widget-heading\" data-id=\"d3868c0\" data-element_type=\"widget\" data-e-type=\"widget\" data-widget_type=\"heading.default\">\n\t\t\t\t<div class=\"elementor-widget-container\">\n\t\t\t\t\t<h1 class=\"elementor-heading-title elementor-size-default\">Telia \u00d6ppen Fiber<\/h1>\t\t\t\t<\/div>\n\t\t\t\t<\/div>\n\t\t\t\t\t<\/div>\n\t\t\t\t<\/div>\n\t\t<div data-particle_enable=\"false\" data-particle-mobile-disabled=\"false\" class=\"elementor-element elementor-element-d348035 e-flex e-con-boxed e-con e-parent\" data-id=\"d348035\" data-element_type=\"container\" data-e-type=\"container\">\n\t\t\t\t\t<div class=\"e-con-inner\">\n\t\t\t\t<div class=\"elementor-element elementor-element-b4d41ad elementor-widget elementor-widget-text-editor\" data-id=\"b4d41ad\" data-element_type=\"widget\" data-e-type=\"widget\" data-widget_type=\"text-editor.default\">\n\t\t\t\t<div class=\"elementor-widget-container\">\n\t\t\t\t\t\t\t\t\t<p>Telia \u00d6ppen Fiber \u00e4r kommunikationsoperat\u00f6r \u00e5t flertalet \u00f6ppna n\u00e4t i Finland.<\/p>\n<p>Bahnhof erbjuder bredbandstj\u00e4nster till b\u00e5de privat- och f\u00f6retagskunder.<\/p>\n<p>Via Telia \u00d6ppen Fiber f\u00e5r du tillg\u00e5ng till Finlands snabbaste och s\u00e4kraste internetuppkopling s\u00e5 att du enkelt kan str\u00f6mma film, spela online och styra hela ditt uppkopplade hem utan avbrott.<\/p>\n<p>Testa om du kan best\u00e4lla Bahnhofs bredband via Valokuitunens \u00f6ppna n\u00e4t h\u00e4r nedan.<\/p>\n<p><strong>H\u00e4r \u00e4r en lista p\u00e5 alla n\u00e4t\u00e4gare som ing\u00e5r i Telia \u00d6ppen Fiber:<\/strong><\/p>\n<p>&#8211; <a href=\"https:\/\/valokuitunen.fi\" target=\"_blank\" rel=\"noopener\">Valokuitunen<\/a><\/p>\n<p>&#8211; <a href=\"https:\/\/www.epoontietoverkko.fi\/fi\/\" target=\"_blank\" rel=\"noopener\">Epoon tietoverkko-osuuskunta<\/a><\/p>\n<p>&#8211; <a href=\"https:\/\/www.halako.net\/\" target=\"_blank\" rel=\"noopener\">Hailuodon laajakaistaosuuskunta <\/a> <\/p>\n<p>&#8211; Joroisniemen valokuituosuuskunta<\/p>\n<p>&#8211; <a href=\"https:\/\/www.joroinen.fi\/\" target=\"_blank\" rel=\"noopener\">Joroisten kunta<\/a> <\/p>\n<p>&#8211; <a href=\"https:\/\/www.facebook.com\/profile.php?id=100057608582601\" target=\"_blank\" rel=\"noopener\">Kallon kyl\u00e4verkko-osuuskunta<\/a><\/p>\n<p>&#8211; <a href=\"https:\/\/www.mercell.com\/fi-fi\/hankinta\/88045391\/osuuskunta-karesuvannon-kylaverkko-hankinta.aspx\" target=\"_blank\" rel=\"noopener\">Karesuvannon kyl\u00e4verkko<\/a> <\/p>\n<p>&#8211; <a href=\"https:\/\/eliittikuitu.fi\/\">Kellokosken valokuidut<\/a><\/p>\n<p>&#8211; <a href=\"https:\/\/www.kelontekematepsakylaverkko.com\/\" target=\"_blank\" rel=\"noopener\">Kelontekem\u00e4-Tepsa Kyl\u00e4verkko Osuuskunta <\/a> <\/p>\n<p>&#8211; <a href=\"https:\/\/edu.joroinen.fi\/kerisalo\/Valokuituosuuskunta\/etusivu.html\" target=\"_blank\" rel=\"noopener\">Kerisalon valokuituosuuskunta<\/a> <\/p>\n<p>&#8211; <a href=\"https:\/\/kolmankyla.blogspot.com\/p\/kolma-huutokoski-infraosuuskunta.html\" target=\"_blank\" rel=\"noopener\">KolmaHuutokoski infraosuuskunta<\/a><\/p>\n<p>&#8211; Kostamon Kyl\u00e4verkko Osuuskunta<\/p>\n<p>&#8211; <a href=\"https:\/\/www.kuhla.fi\/\" target=\"_blank\" rel=\"noopener\">Kuhmoisten Laajakaista Oy<\/a><\/p>\n<p>&#8211; <a href=\"https:\/\/kylakuitu.fi\/\" target=\"_blank\" rel=\"noopener\">Kymijoen Kyl\u00e4kuitu<\/a><\/p>\n<p>&#8211; <a href=\"https:\/\/www.helsinginvalokuidut.fi\/\" target=\"_blank\" rel=\"noopener\">Osuuskunta Helsingin valokuidut<\/a><\/p>\n<p>&#8211; <a href=\"https:\/\/kevajarvenkuitu.fi\/\" target=\"_blank\" rel=\"noopener\">Osuuskunta Kev\u00e4j\u00e4rven kuitu<\/a> <\/p>\n<p>&#8211; <a href=\"https:\/\/www.sieppiverkko.com\/\" target=\"_blank\" rel=\"noopener\">Osuuskunta Sieppij\u00e4rven Kyl\u00e4verkko<\/a><\/p>\n<p>&#8211; Osuuskunta Vaaranvesi<\/p>\n<p>&#8211; <a href=\"https:\/\/vaattojarvi.fi\/osuuskunta-vaattojarven-tietoverkko-yhteystiedot\/\" target=\"_blank\" rel=\"noopener\">Osuuskunta Vaattoj\u00e4rven Tietoverkko<\/a><\/p>\n<p>&#8211; <a href=\"https:\/\/www.padasjoki.fi\/valokuitu\/Etusivu\" target=\"_blank\" rel=\"noopener\">Padasjoen Kunta<\/a><\/p>\n<p>&#8211; <a href=\"https:\/\/pakatinkuitu.wordpress.com\/\" target=\"_blank\" rel=\"noopener\">Pakatin kuituverkko-osuuskunta<\/a> <\/p>\n<p>&#8211; <a href=\"https:\/\/www.palkaneenvalokuitu.fi\/\" target=\"_blank\" rel=\"noopener\">P\u00e4lk\u00e4neen Valokuitu Oy<\/a> <\/p>\n<p>&#8211; <a href=\"http:\/\/www.raudanmaa.com\/raudanmaan-kylakuitu\/\" target=\"_blank\" rel=\"noopener\">Raudanmaan Kyl\u00e4kuitu Osuuskunta<\/a><\/p>\n<p>&#8211; <a href=\"https:\/\/kylaverkko.rautiosaari.fi\/\" target=\"_blank\" rel=\"noopener\">Rautiosaaren kyl\u00e4verkko osk<\/a> <\/p>\n<p>&#8211; <a href=\"https:\/\/www.sotunginvesiosuuskunta.net\/\">Sotungin vesiosuuskunta<\/a><\/p>\n<p>&#8211; <a href=\"https:\/\/sunet.fi\/\" target=\"_blank\" rel=\"noopener\">Suupohjan Seutuverkko<\/a> <\/p>\n<p>&#8211; Tuiskulan-Voitoisten j\u00e4tevesiosuuskunta<\/p>\n<p>&#8211; <a href=\"https:\/\/www.facebook.com\/tuusulanvalokuidut\/\" target=\"_blank\" rel=\"noopener\">Tuusulan Valokuidut<\/a><\/p>\n<p>&#8211; Ukonj\u00e4rventien kuituosuuskunta<\/p>\n<p>&#8211; <a href=\"https:\/\/www.vattila-savuniemiosk.fi\/\" target=\"_blank\" rel=\"noopener\">V\u00e4ttil\u00e4-Savuniemi infraosuuskunta<\/a><\/p>\n\t\t\t\t\t\t\t\t<\/div>\n\t\t\t\t<\/div>\n\t\t\t\t<div class=\"elementor-element elementor-element-f10f6ed elementor-widget elementor-widget-button\" data-id=\"f10f6ed\" data-element_type=\"widget\" data-e-type=\"widget\" data-widget_type=\"button.default\">\n\t\t\t\t<div class=\"elementor-widget-container\">\n\t\t\t\t\t\t\t\t\t<div class=\"elementor-button-wrapper\">\n\t\t\t\t\t<a class=\"elementor-button elementor-button-link elementor-size-sm\" href=\"https:\/\/www.bahnhof.fi\">\n\t\t\t\t\t\t<span class=\"elementor-button-content-wrapper\">\n\t\t\t\t\t\t\t\t\t<span class=\"elementor-button-text\">Best\u00e4ll h\u00e4r<\/span>\n\t\t\t\t\t<\/span>\n\t\t\t\t\t<\/a>\n\t\t\t\t<\/div>\n\t\t\t\t\t\t\t\t<\/div>\n\t\t\t\t<\/div>\n\t\t\t\t<div class=\"elementor-element elementor-element-6d7d5e0 elementor-widget elementor-widget-image\" data-id=\"6d7d5e0\" data-element_type=\"widget\" data-e-type=\"widget\" data-widget_type=\"image.default\">\n\t\t\t\t<div class=\"elementor-widget-container\">\n\t\t\t\t\t\t\t\t\t\t\t\t\t\t\t\t<a href=\"https:\/\/www.telia.fi\/\" target=\"_blank\">\n\t\t\t\t\t\t\t<img fetchpriority=\"high\" decoding=\"async\" width=\"800\" height=\"314\" src=\"https:\/\/bahnhof.fi\/wp-content\/uploads\/2025\/04\/telia-logo.png\" class=\"attachment-full size-full wp-image-13077\" alt=\"Telia Logo\" srcset=\"https:\/\/bahnhof.fi\/wp-content\/uploads\/2025\/04\/telia-logo.png 800w, https:\/\/bahnhof.fi\/wp-content\/uploads\/2025\/04\/telia-logo-300x118.png 300w, https:\/\/bahnhof.fi\/wp-content\/uploads\/2025\/04\/telia-logo-768x301.png 768w\" sizes=\"(max-width: 800px) 100vw, 800px\" \/>\t\t\t\t\t\t\t\t<\/a>\n\t\t\t\t\t\t\t\t\t\t\t\t\t\t\t<\/div>\n\t\t\t\t<\/div>\n\t\t\t\t\t<\/div>\n\t\t\t\t<\/div>\n\t\t\t\t<\/div>\n\t\t","protected":false},"excerpt":{"rendered":"<p>Telia \u00d6ppen Fiber Telia \u00d6ppen Fiber \u00e4r kommunikationsoperat\u00f6r \u00e5t flertalet \u00f6ppna n\u00e4t i Finland. Bahnhof erbjuder bredbandstj\u00e4nster till b\u00e5de privat- och f\u00f6retagskunder. Via Telia \u00d6ppen Fiber f\u00e5r du tillg\u00e5ng till Finlands snabbaste och s\u00e4kraste internetuppkopling s\u00e5 att du enkelt kan str\u00f6mma film, spela online och styra hela ditt uppkopplade hem utan avbrott. Testa om du [&hellip;]<\/p>\n","protected":false},"author":11,"featured_media":0,"parent":13047,"menu_order":0,"comment_status":"closed","ping_status":"closed","template":"elementor_header_footer","meta":{"footnotes":""},"class_list":["post-13055","page","type-page","status-publish","hentry"],"yoast_head":"<!-- This site is optimized with the Yoast SEO plugin v27.4 - https:\/\/yoast.com\/product\/yoast-seo-wordpress\/ -->\n<title>Telia \u00d6ppen Fiber - Bahnhof<\/title>\n<meta name=\"robots\" content=\"index, follow, max-snippet:-1, max-image-preview:large, max-video-preview:-1\" \/>\n<link rel=\"canonical\" href=\"https:\/\/bahnhof.fi\/sv\/oppna-nat\/telia-oppen-fiber\/\" \/>\n<meta property=\"og:locale\" content=\"sv_SE\" \/>\n<meta property=\"og:type\" content=\"article\" \/>\n<meta property=\"og:title\" content=\"Telia \u00d6ppen Fiber - Bahnhof\" \/>\n<meta property=\"og:description\" content=\"Telia \u00d6ppen Fiber Telia \u00d6ppen Fiber \u00e4r kommunikationsoperat\u00f6r \u00e5t flertalet \u00f6ppna n\u00e4t i Finland. Bahnhof erbjuder bredbandstj\u00e4nster till b\u00e5de privat- och f\u00f6retagskunder. Via Telia \u00d6ppen Fiber f\u00e5r du tillg\u00e5ng till Finlands snabbaste och s\u00e4kraste internetuppkopling s\u00e5 att du enkelt kan str\u00f6mma film, spela online och styra hela ditt uppkopplade hem utan avbrott. Testa om du [&hellip;]\" \/>\n<meta property=\"og:url\" content=\"https:\/\/bahnhof.fi\/sv\/oppna-nat\/telia-oppen-fiber\/\" \/>\n<meta property=\"og:site_name\" content=\"Bahnhof\" \/>\n<meta property=\"article:modified_time\" content=\"2025-04-04T14:05:43+00:00\" \/>\n<meta property=\"og:image\" content=\"https:\/\/bahnhof.fi\/wp-content\/uploads\/2025\/04\/telia-logo.png\" \/>\n\t<meta property=\"og:image:width\" content=\"800\" \/>\n\t<meta property=\"og:image:height\" content=\"314\" \/>\n\t<meta property=\"og:image:type\" content=\"image\/png\" \/>\n<meta name=\"twitter:card\" content=\"summary_large_image\" \/>\n<meta name=\"twitter:label1\" content=\"Ber\u00e4knad l\u00e4stid\" \/>\n\t<meta name=\"twitter:data1\" content=\"1 minut\" \/>\n<script type=\"application\/ld+json\" class=\"yoast-schema-graph\">{\"@context\":\"https:\\\/\\\/schema.org\",\"@graph\":[{\"@type\":\"WebPage\",\"@id\":\"https:\\\/\\\/bahnhof.fi\\\/sv\\\/oppna-nat\\\/telia-oppen-fiber\\\/\",\"url\":\"https:\\\/\\\/bahnhof.fi\\\/sv\\\/oppna-nat\\\/telia-oppen-fiber\\\/\",\"name\":\"Telia \u00d6ppen Fiber - Bahnhof\",\"isPartOf\":{\"@id\":\"https:\\\/\\\/bahnhof.fi\\\/#website\"},\"primaryImageOfPage\":{\"@id\":\"https:\\\/\\\/bahnhof.fi\\\/sv\\\/oppna-nat\\\/telia-oppen-fiber\\\/#primaryimage\"},\"image\":{\"@id\":\"https:\\\/\\\/bahnhof.fi\\\/sv\\\/oppna-nat\\\/telia-oppen-fiber\\\/#primaryimage\"},\"thumbnailUrl\":\"https:\\\/\\\/bahnhof.fi\\\/wp-content\\\/uploads\\\/2025\\\/04\\\/telia-logo.png\",\"datePublished\":\"2025-04-04T12:59:41+00:00\",\"dateModified\":\"2025-04-04T14:05:43+00:00\",\"breadcrumb\":{\"@id\":\"https:\\\/\\\/bahnhof.fi\\\/sv\\\/oppna-nat\\\/telia-oppen-fiber\\\/#breadcrumb\"},\"inLanguage\":\"sv-SE\",\"potentialAction\":[{\"@type\":\"ReadAction\",\"target\":[\"https:\\\/\\\/bahnhof.fi\\\/sv\\\/oppna-nat\\\/telia-oppen-fiber\\\/\"]}]},{\"@type\":\"ImageObject\",\"inLanguage\":\"sv-SE\",\"@id\":\"https:\\\/\\\/bahnhof.fi\\\/sv\\\/oppna-nat\\\/telia-oppen-fiber\\\/#primaryimage\",\"url\":\"https:\\\/\\\/bahnhof.fi\\\/wp-content\\\/uploads\\\/2025\\\/04\\\/telia-logo.png\",\"contentUrl\":\"https:\\\/\\\/bahnhof.fi\\\/wp-content\\\/uploads\\\/2025\\\/04\\\/telia-logo.png\"},{\"@type\":\"BreadcrumbList\",\"@id\":\"https:\\\/\\\/bahnhof.fi\\\/sv\\\/oppna-nat\\\/telia-oppen-fiber\\\/#breadcrumb\",\"itemListElement\":[{\"@type\":\"ListItem\",\"position\":1,\"name\":\"Hem\",\"item\":\"https:\\\/\\\/bahnhof.fi\\\/\"},{\"@type\":\"ListItem\",\"position\":2,\"name\":\"\u00d6ppna n\u00e4t\",\"item\":\"https:\\\/\\\/bahnhof.fi\\\/sv\\\/oppna-nat\\\/\"},{\"@type\":\"ListItem\",\"position\":3,\"name\":\"Telia \u00d6ppen Fiber\"}]},{\"@type\":\"WebSite\",\"@id\":\"https:\\\/\\\/bahnhof.fi\\\/#website\",\"url\":\"https:\\\/\\\/bahnhof.fi\\\/\",\"name\":\"Bahnhof\",\"description\":\" Internet med sekretess\",\"publisher\":{\"@id\":\"https:\\\/\\\/bahnhof.fi\\\/#organization\"},\"potentialAction\":[{\"@type\":\"SearchAction\",\"target\":{\"@type\":\"EntryPoint\",\"urlTemplate\":\"https:\\\/\\\/bahnhof.fi\\\/?s={search_term_string}\"},\"query-input\":{\"@type\":\"PropertyValueSpecification\",\"valueRequired\":true,\"valueName\":\"search_term_string\"}}],\"inLanguage\":\"sv-SE\"},{\"@type\":\"Organization\",\"@id\":\"https:\\\/\\\/bahnhof.fi\\\/#organization\",\"name\":\"Bahnhof\",\"url\":\"https:\\\/\\\/bahnhof.fi\\\/\",\"logo\":{\"@type\":\"ImageObject\",\"inLanguage\":\"sv-SE\",\"@id\":\"https:\\\/\\\/bahnhof.fi\\\/#\\\/schema\\\/logo\\\/image\\\/\",\"url\":\"https:\\\/\\\/bahnhof.fi\\\/wp-content\\\/uploads\\\/2022\\\/10\\\/01_BL_OR_Bahnhof_RGB.svg\",\"contentUrl\":\"https:\\\/\\\/bahnhof.fi\\\/wp-content\\\/uploads\\\/2022\\\/10\\\/01_BL_OR_Bahnhof_RGB.svg\",\"caption\":\"Bahnhof\"},\"image\":{\"@id\":\"https:\\\/\\\/bahnhof.fi\\\/#\\\/schema\\\/logo\\\/image\\\/\"}}]}<\/script>\n<!-- \/ Yoast SEO plugin. -->","yoast_head_json":{"title":"Telia \u00d6ppen Fiber - Bahnhof","robots":{"index":"index","follow":"follow","max-snippet":"max-snippet:-1","max-image-preview":"max-image-preview:large","max-video-preview":"max-video-preview:-1"},"canonical":"https:\/\/bahnhof.fi\/sv\/oppna-nat\/telia-oppen-fiber\/","og_locale":"sv_SE","og_type":"article","og_title":"Telia \u00d6ppen Fiber - Bahnhof","og_description":"Telia \u00d6ppen Fiber Telia \u00d6ppen Fiber \u00e4r kommunikationsoperat\u00f6r \u00e5t flertalet \u00f6ppna n\u00e4t i Finland. Bahnhof erbjuder bredbandstj\u00e4nster till b\u00e5de privat- och f\u00f6retagskunder. Via Telia \u00d6ppen Fiber f\u00e5r du tillg\u00e5ng till Finlands snabbaste och s\u00e4kraste internetuppkopling s\u00e5 att du enkelt kan str\u00f6mma film, spela online och styra hela ditt uppkopplade hem utan avbrott. Testa om du [&hellip;]","og_url":"https:\/\/bahnhof.fi\/sv\/oppna-nat\/telia-oppen-fiber\/","og_site_name":"Bahnhof","article_modified_time":"2025-04-04T14:05:43+00:00","og_image":[{"width":800,"height":314,"url":"https:\/\/bahnhof.fi\/wp-content\/uploads\/2025\/04\/telia-logo.png","type":"image\/png"}],"twitter_card":"summary_large_image","twitter_misc":{"Ber\u00e4knad l\u00e4stid":"1 minut"},"schema":{"@context":"https:\/\/schema.org","@graph":[{"@type":"WebPage","@id":"https:\/\/bahnhof.fi\/sv\/oppna-nat\/telia-oppen-fiber\/","url":"https:\/\/bahnhof.fi\/sv\/oppna-nat\/telia-oppen-fiber\/","name":"Telia \u00d6ppen Fiber - Bahnhof","isPartOf":{"@id":"https:\/\/bahnhof.fi\/#website"},"primaryImageOfPage":{"@id":"https:\/\/bahnhof.fi\/sv\/oppna-nat\/telia-oppen-fiber\/#primaryimage"},"image":{"@id":"https:\/\/bahnhof.fi\/sv\/oppna-nat\/telia-oppen-fiber\/#primaryimage"},"thumbnailUrl":"https:\/\/bahnhof.fi\/wp-content\/uploads\/2025\/04\/telia-logo.png","datePublished":"2025-04-04T12:59:41+00:00","dateModified":"2025-04-04T14:05:43+00:00","breadcrumb":{"@id":"https:\/\/bahnhof.fi\/sv\/oppna-nat\/telia-oppen-fiber\/#breadcrumb"},"inLanguage":"sv-SE","potentialAction":[{"@type":"ReadAction","target":["https:\/\/bahnhof.fi\/sv\/oppna-nat\/telia-oppen-fiber\/"]}]},{"@type":"ImageObject","inLanguage":"sv-SE","@id":"https:\/\/bahnhof.fi\/sv\/oppna-nat\/telia-oppen-fiber\/#primaryimage","url":"https:\/\/bahnhof.fi\/wp-content\/uploads\/2025\/04\/telia-logo.png","contentUrl":"https:\/\/bahnhof.fi\/wp-content\/uploads\/2025\/04\/telia-logo.png"},{"@type":"BreadcrumbList","@id":"https:\/\/bahnhof.fi\/sv\/oppna-nat\/telia-oppen-fiber\/#breadcrumb","itemListElement":[{"@type":"ListItem","position":1,"name":"Hem","item":"https:\/\/bahnhof.fi\/"},{"@type":"ListItem","position":2,"name":"\u00d6ppna n\u00e4t","item":"https:\/\/bahnhof.fi\/sv\/oppna-nat\/"},{"@type":"ListItem","position":3,"name":"Telia \u00d6ppen Fiber"}]},{"@type":"WebSite","@id":"https:\/\/bahnhof.fi\/#website","url":"https:\/\/bahnhof.fi\/","name":"Bahnhof","description":" Internet med sekretess","publisher":{"@id":"https:\/\/bahnhof.fi\/#organization"},"potentialAction":[{"@type":"SearchAction","target":{"@type":"EntryPoint","urlTemplate":"https:\/\/bahnhof.fi\/?s={search_term_string}"},"query-input":{"@type":"PropertyValueSpecification","valueRequired":true,"valueName":"search_term_string"}}],"inLanguage":"sv-SE"},{"@type":"Organization","@id":"https:\/\/bahnhof.fi\/#organization","name":"Bahnhof","url":"https:\/\/bahnhof.fi\/","logo":{"@type":"ImageObject","inLanguage":"sv-SE","@id":"https:\/\/bahnhof.fi\/#\/schema\/logo\/image\/","url":"https:\/\/bahnhof.fi\/wp-content\/uploads\/2022\/10\/01_BL_OR_Bahnhof_RGB.svg","contentUrl":"https:\/\/bahnhof.fi\/wp-content\/uploads\/2022\/10\/01_BL_OR_Bahnhof_RGB.svg","caption":"Bahnhof"},"image":{"@id":"https:\/\/bahnhof.fi\/#\/schema\/logo\/image\/"}}]}},"_links":{"self":[{"href":"https:\/\/bahnhof.fi\/sv\/wp-json\/wp\/v2\/pages\/13055","targetHints":{"allow":["GET"]}}],"collection":[{"href":"https:\/\/bahnhof.fi\/sv\/wp-json\/wp\/v2\/pages"}],"about":[{"href":"https:\/\/bahnhof.fi\/sv\/wp-json\/wp\/v2\/types\/page"}],"author":[{"embeddable":true,"href":"https:\/\/bahnhof.fi\/sv\/wp-json\/wp\/v2\/users\/11"}],"replies":[{"embeddable":true,"href":"https:\/\/bahnhof.fi\/sv\/wp-json\/wp\/v2\/comments?post=13055"}],"version-history":[{"count":0,"href":"https:\/\/bahnhof.fi\/sv\/wp-json\/wp\/v2\/pages\/13055\/revisions"}],"up":[{"embeddable":true,"href":"https:\/\/bahnhof.fi\/sv\/wp-json\/wp\/v2\/pages\/13047"}],"wp:attachment":[{"href":"https:\/\/bahnhof.fi\/sv\/wp-json\/wp\/v2\/media?parent=13055"}],"curies":[{"name":"wp","href":"https:\/\/api.w.org\/{rel}","templated":true}]}}