{"id":13047,"date":"2025-04-04T14:55:10","date_gmt":"2025-04-04T12:55:10","guid":{"rendered":"https:\/\/bahnhof.fi\/oppna-nat\/"},"modified":"2025-11-19T09:22:47","modified_gmt":"2025-11-19T08:22:47","slug":"oppna-nat","status":"publish","type":"page","link":"https:\/\/bahnhof.fi\/sv\/oppna-nat\/","title":{"rendered":"\u00d6ppna n\u00e4t"},"content":{"rendered":"\t\t<div data-elementor-type=\"wp-page\" data-elementor-id=\"13047\" class=\"elementor elementor-13047 elementor-12915\" data-elementor-post-type=\"page\">\n\t\t\t\t<div data-particle_enable=\"false\" data-particle-mobile-disabled=\"false\" class=\"elementor-element elementor-element-a3336a7 e-flex e-con-boxed e-con e-parent\" data-id=\"a3336a7\" data-element_type=\"container\" data-e-type=\"container\" data-settings=\"{&quot;background_background&quot;:&quot;classic&quot;}\">\n\t\t\t\t\t<div class=\"e-con-inner\">\n\t\t<div data-particle_enable=\"false\" data-particle-mobile-disabled=\"false\" class=\"elementor-element elementor-element-1e04c72 e-con-full e-flex e-con e-child\" data-id=\"1e04c72\" data-element_type=\"container\" data-e-type=\"container\" data-settings=\"{&quot;background_background&quot;:&quot;classic&quot;}\">\n\t\t\t\t<div class=\"elementor-element elementor-element-4131c7f elementor-hidden-mobile elementor-widget elementor-widget-heading\" data-id=\"4131c7f\" data-element_type=\"widget\" data-e-type=\"widget\" data-widget_type=\"heading.default\">\n\t\t\t\t<div class=\"elementor-widget-container\">\n\t\t\t\t\t<h4 class=\"elementor-heading-title elementor-size-default\">\u00d6ppna n\u00e4t<\/h4>\t\t\t\t<\/div>\n\t\t\t\t<\/div>\n\t\t\t\t<div class=\"elementor-element elementor-element-3a5062c elementor-widget elementor-widget-heading\" data-id=\"3a5062c\" data-element_type=\"widget\" data-e-type=\"widget\" data-widget_type=\"heading.default\">\n\t\t\t\t<div class=\"elementor-widget-container\">\n\t\t\t\t\t<h1 class=\"elementor-heading-title elementor-size-default\">I vilka \u00f6ppna n\u00e4t finns Bahnhof?<\/h1>\t\t\t\t<\/div>\n\t\t\t\t<\/div>\n\t\t\t\t<div class=\"elementor-element elementor-element-56bb8e5 elementor-widget__width-initial elementor-widget elementor-widget-text-editor\" data-id=\"56bb8e5\" data-element_type=\"widget\" data-e-type=\"widget\" data-widget_type=\"text-editor.default\">\n\t\t\t\t<div class=\"elementor-widget-container\">\n\t\t\t\t\t\t\t\t\t<p>Bahnhof finns b\u00e5de i GlobalConnect och Telia \u00d6ppen Fibers \u00f6ppna n\u00e4t i Finland. Nedan hittar du information om dessa \u00f6ppna d\u00e4r du kan teckna Bahnhofs bredband. Du kan ocks\u00e5 s\u00f6ka direkt p\u00e5 din adress f\u00f6r att se vilket \u00f6ppet n\u00e4t som \u00e4r tillg\u00e4ngligt f\u00f6r dig.  <\/p>\t\t\t\t\t\t\t\t<\/div>\n\t\t\t\t<\/div>\n\t\t\t\t<\/div>\n\t\t<div data-particle_enable=\"false\" data-particle-mobile-disabled=\"false\" class=\"elementor-element elementor-element-02a55cb e-con-full e-grid e-con e-child\" data-id=\"02a55cb\" data-element_type=\"container\" data-e-type=\"container\" data-settings=\"{&quot;background_background&quot;:&quot;classic&quot;}\">\n\t\t<div data-particle_enable=\"false\" data-particle-mobile-disabled=\"false\" class=\"elementor-element elementor-element-7149914 e-con-full e-flex e-con e-child\" data-id=\"7149914\" data-element_type=\"container\" data-e-type=\"container\">\n\t\t\t\t<div class=\"elementor-element elementor-element-12f4a69 elementor-widget elementor-widget-image\" data-id=\"12f4a69\" data-element_type=\"widget\" data-e-type=\"widget\" data-widget_type=\"image.default\">\n\t\t\t\t<div class=\"elementor-widget-container\">\n\t\t\t\t\t\t\t\t\t\t\t\t\t\t\t\t<a href=\"https:\/\/bahnhof.fi\/sv\/oppna-nat\/globalconnect\/\">\n\t\t\t\t\t\t\t<img decoding=\"async\" width=\"260\" height=\"107\" src=\"https:\/\/bahnhof.fi\/wp-content\/uploads\/2025\/04\/stadsnat-globalconnect.png\" class=\"attachment-full size-full wp-image-12925\" alt=\"Global Connect Logo\" \/>\t\t\t\t\t\t\t\t<\/a>\n\t\t\t\t\t\t\t\t\t\t\t\t\t\t\t<\/div>\n\t\t\t\t<\/div>\n\t\t\t\t<\/div>\n\t\t<div data-particle_enable=\"false\" data-particle-mobile-disabled=\"false\" class=\"elementor-element elementor-element-2985b75 e-con-full e-flex e-con e-child\" data-id=\"2985b75\" data-element_type=\"container\" data-e-type=\"container\">\n\t\t\t\t<div class=\"elementor-element elementor-element-258cb05 elementor-widget elementor-widget-image\" data-id=\"258cb05\" data-element_type=\"widget\" data-e-type=\"widget\" data-widget_type=\"image.default\">\n\t\t\t\t<div class=\"elementor-widget-container\">\n\t\t\t\t\t\t\t\t\t\t\t\t\t\t\t\t<a href=\"https:\/\/bahnhof.fi\/sv\/oppna-nat\/valokuitunen\/\">\n\t\t\t\t\t\t\t<img fetchpriority=\"high\" decoding=\"async\" width=\"664\" height=\"424\" src=\"https:\/\/bahnhof.fi\/wp-content\/uploads\/2025\/02\/valokuitunen-logo.png\" class=\"attachment-full size-full wp-image-11989\" alt=\"Valokuitunen Logo\" srcset=\"https:\/\/bahnhof.fi\/wp-content\/uploads\/2025\/02\/valokuitunen-logo.png 664w, https:\/\/bahnhof.fi\/wp-content\/uploads\/2025\/02\/valokuitunen-logo-300x192.png 300w\" sizes=\"(max-width: 664px) 100vw, 664px\" \/>\t\t\t\t\t\t\t\t<\/a>\n\t\t\t\t\t\t\t\t\t\t\t\t\t\t\t<\/div>\n\t\t\t\t<\/div>\n\t\t\t\t<\/div>\n\t\t<div data-particle_enable=\"false\" data-particle-mobile-disabled=\"false\" class=\"elementor-element elementor-element-5d708a7 e-con-full e-flex e-con e-child\" data-id=\"5d708a7\" data-element_type=\"container\" data-e-type=\"container\">\n\t\t\t\t<div class=\"elementor-element elementor-element-e523a4c elementor-widget elementor-widget-image\" data-id=\"e523a4c\" data-element_type=\"widget\" data-e-type=\"widget\" data-widget_type=\"image.default\">\n\t\t\t\t<div class=\"elementor-widget-container\">\n\t\t\t\t\t\t\t\t\t\t\t\t\t\t\t\t<a href=\"https:\/\/bahnhof.fi\/sv\/oppna-nat\/telia-oppen-fiber\/\">\n\t\t\t\t\t\t\t<img decoding=\"async\" width=\"800\" height=\"314\" src=\"https:\/\/bahnhof.fi\/wp-content\/uploads\/2025\/04\/telia-logo.png\" class=\"attachment-full size-full wp-image-13077\" alt=\"Telia Logo\" srcset=\"https:\/\/bahnhof.fi\/wp-content\/uploads\/2025\/04\/telia-logo.png 800w, https:\/\/bahnhof.fi\/wp-content\/uploads\/2025\/04\/telia-logo-300x118.png 300w, https:\/\/bahnhof.fi\/wp-content\/uploads\/2025\/04\/telia-logo-768x301.png 768w\" sizes=\"(max-width: 800px) 100vw, 800px\" \/>\t\t\t\t\t\t\t\t<\/a>\n\t\t\t\t\t\t\t\t\t\t\t\t\t\t\t<\/div>\n\t\t\t\t<\/div>\n\t\t\t\t<\/div>\n\t\t\t\t<\/div>\n\t\t\t\t\t<\/div>\n\t\t\t\t<\/div>\n\t\t\t\t<\/div>\n\t\t","protected":false},"excerpt":{"rendered":"<p>\u00d6ppna n\u00e4t I vilka \u00f6ppna n\u00e4t finns Bahnhof? Bahnhof finns b\u00e5de i GlobalConnect och Telia \u00d6ppen Fibers \u00f6ppna n\u00e4t i Finland. Nedan hittar du information om dessa \u00f6ppna d\u00e4r du kan teckna Bahnhofs bredband. Du kan ocks\u00e5 s\u00f6ka direkt p\u00e5 din adress f\u00f6r att se vilket \u00f6ppet n\u00e4t som \u00e4r tillg\u00e4ngligt f\u00f6r dig.<\/p>\n","protected":false},"author":11,"featured_media":0,"parent":0,"menu_order":0,"comment_status":"closed","ping_status":"closed","template":"elementor_header_footer","meta":{"footnotes":""},"class_list":["post-13047","page","type-page","status-publish","hentry"],"yoast_head":"<!-- This site is optimized with the Yoast SEO plugin v27.4 - https:\/\/yoast.com\/product\/yoast-seo-wordpress\/ -->\n<title>\u00d6ppna n\u00e4t - Bahnhof<\/title>\n<meta name=\"robots\" content=\"index, follow, max-snippet:-1, max-image-preview:large, max-video-preview:-1\" \/>\n<link rel=\"canonical\" href=\"https:\/\/bahnhof.fi\/sv\/oppna-nat\/\" \/>\n<meta property=\"og:locale\" content=\"sv_SE\" \/>\n<meta property=\"og:type\" content=\"article\" \/>\n<meta property=\"og:title\" content=\"\u00d6ppna n\u00e4t - Bahnhof\" \/>\n<meta property=\"og:description\" content=\"\u00d6ppna n\u00e4t I vilka \u00f6ppna n\u00e4t finns Bahnhof? Bahnhof finns b\u00e5de i GlobalConnect och Telia \u00d6ppen Fibers \u00f6ppna n\u00e4t i Finland. Nedan hittar du information om dessa \u00f6ppna d\u00e4r du kan teckna Bahnhofs bredband. Du kan ocks\u00e5 s\u00f6ka direkt p\u00e5 din adress f\u00f6r att se vilket \u00f6ppet n\u00e4t som \u00e4r tillg\u00e4ngligt f\u00f6r dig.\" \/>\n<meta property=\"og:url\" content=\"https:\/\/bahnhof.fi\/sv\/oppna-nat\/\" \/>\n<meta property=\"og:site_name\" content=\"Bahnhof\" \/>\n<meta property=\"article:modified_time\" content=\"2025-11-19T08:22:47+00:00\" \/>\n<meta property=\"og:image\" content=\"https:\/\/bahnhof.fi\/wp-content\/uploads\/2025\/04\/stadsnat-globalconnect.png\" \/>\n\t<meta property=\"og:image:width\" content=\"260\" \/>\n\t<meta property=\"og:image:height\" content=\"107\" \/>\n\t<meta property=\"og:image:type\" content=\"image\/png\" \/>\n<meta name=\"twitter:card\" content=\"summary_large_image\" \/>\n<script type=\"application\/ld+json\" class=\"yoast-schema-graph\">{\"@context\":\"https:\\\/\\\/schema.org\",\"@graph\":[{\"@type\":\"WebPage\",\"@id\":\"https:\\\/\\\/bahnhof.fi\\\/sv\\\/oppna-nat\\\/\",\"url\":\"https:\\\/\\\/bahnhof.fi\\\/sv\\\/oppna-nat\\\/\",\"name\":\"\u00d6ppna n\u00e4t - Bahnhof\",\"isPartOf\":{\"@id\":\"https:\\\/\\\/bahnhof.fi\\\/#website\"},\"primaryImageOfPage\":{\"@id\":\"https:\\\/\\\/bahnhof.fi\\\/sv\\\/oppna-nat\\\/#primaryimage\"},\"image\":{\"@id\":\"https:\\\/\\\/bahnhof.fi\\\/sv\\\/oppna-nat\\\/#primaryimage\"},\"thumbnailUrl\":\"https:\\\/\\\/bahnhof.fi\\\/wp-content\\\/uploads\\\/2025\\\/04\\\/stadsnat-globalconnect.png\",\"datePublished\":\"2025-04-04T12:55:10+00:00\",\"dateModified\":\"2025-11-19T08:22:47+00:00\",\"breadcrumb\":{\"@id\":\"https:\\\/\\\/bahnhof.fi\\\/sv\\\/oppna-nat\\\/#breadcrumb\"},\"inLanguage\":\"sv-SE\",\"potentialAction\":[{\"@type\":\"ReadAction\",\"target\":[\"https:\\\/\\\/bahnhof.fi\\\/sv\\\/oppna-nat\\\/\"]}]},{\"@type\":\"ImageObject\",\"inLanguage\":\"sv-SE\",\"@id\":\"https:\\\/\\\/bahnhof.fi\\\/sv\\\/oppna-nat\\\/#primaryimage\",\"url\":\"https:\\\/\\\/bahnhof.fi\\\/wp-content\\\/uploads\\\/2025\\\/04\\\/stadsnat-globalconnect.png\",\"contentUrl\":\"https:\\\/\\\/bahnhof.fi\\\/wp-content\\\/uploads\\\/2025\\\/04\\\/stadsnat-globalconnect.png\"},{\"@type\":\"BreadcrumbList\",\"@id\":\"https:\\\/\\\/bahnhof.fi\\\/sv\\\/oppna-nat\\\/#breadcrumb\",\"itemListElement\":[{\"@type\":\"ListItem\",\"position\":1,\"name\":\"Hem\",\"item\":\"https:\\\/\\\/bahnhof.fi\\\/\"},{\"@type\":\"ListItem\",\"position\":2,\"name\":\"\u00d6ppna n\u00e4t\"}]},{\"@type\":\"WebSite\",\"@id\":\"https:\\\/\\\/bahnhof.fi\\\/#website\",\"url\":\"https:\\\/\\\/bahnhof.fi\\\/\",\"name\":\"Bahnhof\",\"description\":\" Internet med sekretess\",\"publisher\":{\"@id\":\"https:\\\/\\\/bahnhof.fi\\\/#organization\"},\"potentialAction\":[{\"@type\":\"SearchAction\",\"target\":{\"@type\":\"EntryPoint\",\"urlTemplate\":\"https:\\\/\\\/bahnhof.fi\\\/?s={search_term_string}\"},\"query-input\":{\"@type\":\"PropertyValueSpecification\",\"valueRequired\":true,\"valueName\":\"search_term_string\"}}],\"inLanguage\":\"sv-SE\"},{\"@type\":\"Organization\",\"@id\":\"https:\\\/\\\/bahnhof.fi\\\/#organization\",\"name\":\"Bahnhof\",\"url\":\"https:\\\/\\\/bahnhof.fi\\\/\",\"logo\":{\"@type\":\"ImageObject\",\"inLanguage\":\"sv-SE\",\"@id\":\"https:\\\/\\\/bahnhof.fi\\\/#\\\/schema\\\/logo\\\/image\\\/\",\"url\":\"https:\\\/\\\/bahnhof.fi\\\/wp-content\\\/uploads\\\/2022\\\/10\\\/01_BL_OR_Bahnhof_RGB.svg\",\"contentUrl\":\"https:\\\/\\\/bahnhof.fi\\\/wp-content\\\/uploads\\\/2022\\\/10\\\/01_BL_OR_Bahnhof_RGB.svg\",\"caption\":\"Bahnhof\"},\"image\":{\"@id\":\"https:\\\/\\\/bahnhof.fi\\\/#\\\/schema\\\/logo\\\/image\\\/\"}}]}<\/script>\n<!-- \/ Yoast SEO plugin. -->","yoast_head_json":{"title":"\u00d6ppna n\u00e4t - Bahnhof","robots":{"index":"index","follow":"follow","max-snippet":"max-snippet:-1","max-image-preview":"max-image-preview:large","max-video-preview":"max-video-preview:-1"},"canonical":"https:\/\/bahnhof.fi\/sv\/oppna-nat\/","og_locale":"sv_SE","og_type":"article","og_title":"\u00d6ppna n\u00e4t - Bahnhof","og_description":"\u00d6ppna n\u00e4t I vilka \u00f6ppna n\u00e4t finns Bahnhof? Bahnhof finns b\u00e5de i GlobalConnect och Telia \u00d6ppen Fibers \u00f6ppna n\u00e4t i Finland. Nedan hittar du information om dessa \u00f6ppna d\u00e4r du kan teckna Bahnhofs bredband. Du kan ocks\u00e5 s\u00f6ka direkt p\u00e5 din adress f\u00f6r att se vilket \u00f6ppet n\u00e4t som \u00e4r tillg\u00e4ngligt f\u00f6r dig.","og_url":"https:\/\/bahnhof.fi\/sv\/oppna-nat\/","og_site_name":"Bahnhof","article_modified_time":"2025-11-19T08:22:47+00:00","og_image":[{"width":260,"height":107,"url":"https:\/\/bahnhof.fi\/wp-content\/uploads\/2025\/04\/stadsnat-globalconnect.png","type":"image\/png"}],"twitter_card":"summary_large_image","schema":{"@context":"https:\/\/schema.org","@graph":[{"@type":"WebPage","@id":"https:\/\/bahnhof.fi\/sv\/oppna-nat\/","url":"https:\/\/bahnhof.fi\/sv\/oppna-nat\/","name":"\u00d6ppna n\u00e4t - Bahnhof","isPartOf":{"@id":"https:\/\/bahnhof.fi\/#website"},"primaryImageOfPage":{"@id":"https:\/\/bahnhof.fi\/sv\/oppna-nat\/#primaryimage"},"image":{"@id":"https:\/\/bahnhof.fi\/sv\/oppna-nat\/#primaryimage"},"thumbnailUrl":"https:\/\/bahnhof.fi\/wp-content\/uploads\/2025\/04\/stadsnat-globalconnect.png","datePublished":"2025-04-04T12:55:10+00:00","dateModified":"2025-11-19T08:22:47+00:00","breadcrumb":{"@id":"https:\/\/bahnhof.fi\/sv\/oppna-nat\/#breadcrumb"},"inLanguage":"sv-SE","potentialAction":[{"@type":"ReadAction","target":["https:\/\/bahnhof.fi\/sv\/oppna-nat\/"]}]},{"@type":"ImageObject","inLanguage":"sv-SE","@id":"https:\/\/bahnhof.fi\/sv\/oppna-nat\/#primaryimage","url":"https:\/\/bahnhof.fi\/wp-content\/uploads\/2025\/04\/stadsnat-globalconnect.png","contentUrl":"https:\/\/bahnhof.fi\/wp-content\/uploads\/2025\/04\/stadsnat-globalconnect.png"},{"@type":"BreadcrumbList","@id":"https:\/\/bahnhof.fi\/sv\/oppna-nat\/#breadcrumb","itemListElement":[{"@type":"ListItem","position":1,"name":"Hem","item":"https:\/\/bahnhof.fi\/"},{"@type":"ListItem","position":2,"name":"\u00d6ppna n\u00e4t"}]},{"@type":"WebSite","@id":"https:\/\/bahnhof.fi\/#website","url":"https:\/\/bahnhof.fi\/","name":"Bahnhof","description":" Internet med sekretess","publisher":{"@id":"https:\/\/bahnhof.fi\/#organization"},"potentialAction":[{"@type":"SearchAction","target":{"@type":"EntryPoint","urlTemplate":"https:\/\/bahnhof.fi\/?s={search_term_string}"},"query-input":{"@type":"PropertyValueSpecification","valueRequired":true,"valueName":"search_term_string"}}],"inLanguage":"sv-SE"},{"@type":"Organization","@id":"https:\/\/bahnhof.fi\/#organization","name":"Bahnhof","url":"https:\/\/bahnhof.fi\/","logo":{"@type":"ImageObject","inLanguage":"sv-SE","@id":"https:\/\/bahnhof.fi\/#\/schema\/logo\/image\/","url":"https:\/\/bahnhof.fi\/wp-content\/uploads\/2022\/10\/01_BL_OR_Bahnhof_RGB.svg","contentUrl":"https:\/\/bahnhof.fi\/wp-content\/uploads\/2022\/10\/01_BL_OR_Bahnhof_RGB.svg","caption":"Bahnhof"},"image":{"@id":"https:\/\/bahnhof.fi\/#\/schema\/logo\/image\/"}}]}},"_links":{"self":[{"href":"https:\/\/bahnhof.fi\/sv\/wp-json\/wp\/v2\/pages\/13047","targetHints":{"allow":["GET"]}}],"collection":[{"href":"https:\/\/bahnhof.fi\/sv\/wp-json\/wp\/v2\/pages"}],"about":[{"href":"https:\/\/bahnhof.fi\/sv\/wp-json\/wp\/v2\/types\/page"}],"author":[{"embeddable":true,"href":"https:\/\/bahnhof.fi\/sv\/wp-json\/wp\/v2\/users\/11"}],"replies":[{"embeddable":true,"href":"https:\/\/bahnhof.fi\/sv\/wp-json\/wp\/v2\/comments?post=13047"}],"version-history":[{"count":0,"href":"https:\/\/bahnhof.fi\/sv\/wp-json\/wp\/v2\/pages\/13047\/revisions"}],"wp:attachment":[{"href":"https:\/\/bahnhof.fi\/sv\/wp-json\/wp\/v2\/media?parent=13047"}],"curies":[{"name":"wp","href":"https:\/\/api.w.org\/{rel}","templated":true}]}}