{"id":12611,"date":"2025-03-03T16:06:05","date_gmt":"2025-03-03T15:06:05","guid":{"rendered":"https:\/\/bahnhof.fi\/yksityisille\/support\/bestall-en-publik-ip-adress\/"},"modified":"2025-03-03T16:06:06","modified_gmt":"2025-03-03T15:06:06","slug":"bestall-en-publik-ip-adress","status":"publish","type":"page","link":"https:\/\/bahnhof.fi\/sv\/yksityisille\/support\/bestall-en-publik-ip-adress\/","title":{"rendered":"Best\u00e4ll en publik IP-adress"},"content":{"rendered":"\t\t<div data-elementor-type=\"wp-page\" data-elementor-id=\"12611\" class=\"elementor elementor-12611 elementor-5855\" data-elementor-post-type=\"page\">\n\t\t\t\t<div data-particle_enable=\"false\" data-particle-mobile-disabled=\"false\" class=\"elementor-element elementor-element-69f854b e-flex e-con-boxed e-con e-parent\" data-id=\"69f854b\" data-element_type=\"container\" data-e-type=\"container\" data-settings=\"{&quot;background_background&quot;:&quot;classic&quot;}\">\n\t\t\t\t\t<div class=\"e-con-inner\">\n\t\t\t\t<div class=\"elementor-element elementor-element-1866d3b elementor-widget elementor-widget-heading\" data-id=\"1866d3b\" data-element_type=\"widget\" data-e-type=\"widget\" data-widget_type=\"heading.default\">\n\t\t\t\t<div class=\"elementor-widget-container\">\n\t\t\t\t\t<h1 class=\"elementor-heading-title elementor-size-default\">Best\u00e4ll en publik IP-adress<\/h1>\t\t\t\t<\/div>\n\t\t\t\t<\/div>\n\t\t\t\t<div class=\"elementor-element elementor-element-43c4806 elementor-widget elementor-widget-html\" data-id=\"43c4806\" data-element_type=\"widget\" data-e-type=\"widget\" data-widget_type=\"html.default\">\n\t\t\t\t<div class=\"elementor-widget-container\">\n\t\t\t\t\t<script> \njQuery(document).ready(function($) { \nvar delay = 100; setTimeout(function() { \n$('.elementor-tab-title').removeClass('elementor-active');\n $('.elementor-tab-content').css('display', 'none'); }, delay); \n}); \n<\/script>\t\t\t\t<\/div>\n\t\t\t\t<\/div>\n\t\t\t\t\t<\/div>\n\t\t\t\t<\/div>\n\t\t<div data-particle_enable=\"false\" data-particle-mobile-disabled=\"false\" class=\"elementor-element elementor-element-9bdd4a9 e-flex e-con-boxed e-con e-parent\" data-id=\"9bdd4a9\" data-element_type=\"container\" data-e-type=\"container\">\n\t\t\t\t\t<div class=\"e-con-inner\">\n\t\t<div data-particle_enable=\"false\" data-particle-mobile-disabled=\"false\" class=\"elementor-element elementor-element-5865430 e-con-full e-flex e-con e-child\" data-id=\"5865430\" data-element_type=\"container\" data-e-type=\"container\">\n\t\t\t\t<div class=\"elementor-element elementor-element-8db4702 elementor-widget elementor-widget-text-editor\" data-id=\"8db4702\" data-element_type=\"widget\" data-e-type=\"widget\" data-widget_type=\"text-editor.default\">\n\t\t\t\t<div class=\"elementor-widget-container\">\n\t\t\t\t\t\t\t\t\t<p>En publik IP-adress beh\u00f6vs f\u00f6r tj\u00e4nster och enheter som du beh\u00f6ver \u00e5tkomst till utifr\u00e5n, fr\u00e5n andra delar av internet. Exempel p\u00e5 s\u00e5dana tj\u00e4nster och enheter kan vara en server eller en webbkamera. <\/p>\n<p>N\u00e4r du best\u00e4ller en offentlig IP-adress beh\u00f6ver vi veta IP-adressen och MAC-adressen (fysisk adress) f\u00f6r den enhet som \u00e4r direkt ansluten till fiberterminalen.<\/p>\n<p><a href=\"https:\/\/bahnhof.fi\/privat\/support\/loyda-ip-ja-mac-osoitteesi\/\">L\u00e4s h\u00e4r f\u00f6r att ta reda p\u00e5 hur du hittar din IP- och MAC-adress<\/a>.<\/p>\n<p>Vi skickar ett bekr\u00e4ftelsemeddelande till dig n\u00e4r du har skickat in formul\u00e4ret till oss. Innan vi kan aktivera din IP-adress m\u00e5ste du svara p\u00e5 det meddelande vi skickat. <\/p>\n\t\t\t\t\t\t\t\t<\/div>\n\t\t\t\t<\/div>\n\t\t\t\t<\/div>\n\t\t<div data-particle_enable=\"false\" data-particle-mobile-disabled=\"false\" class=\"elementor-element elementor-element-15e7542 e-con-full e-flex e-con e-child\" data-id=\"15e7542\" data-element_type=\"container\" data-e-type=\"container\">\n\t\t\t\t<div class=\"elementor-element elementor-element-51a0cbd elementor-button-align-start elementor-widget__width-auto elementor-widget elementor-widget-form\" data-id=\"51a0cbd\" data-element_type=\"widget\" data-e-type=\"widget\" data-settings=\"{&quot;step_next_label&quot;:&quot;N\\u00e4sta&quot;,&quot;step_previous_label&quot;:&quot;F\\u00f6reg\\u00e5ende&quot;,&quot;step_type&quot;:&quot;text&quot;,&quot;button_width&quot;:&quot;100&quot;}\" data-widget_type=\"form.default\">\n\t\t\t\t<div class=\"elementor-widget-container\">\n\t\t\t\t\t\t\t<form class=\"elementor-form\" method=\"post\" id=\"bestall_publikIP\" name=\"Best\u00e4ll en publik IP-adress\" aria-label=\"Best\u00e4ll en publik IP-adress\">\n\t\t\t<input type=\"hidden\" name=\"post_id\" value=\"12611\"\/>\n\t\t\t<input type=\"hidden\" name=\"form_id\" value=\"51a0cbd\"\/>\n\t\t\t<input type=\"hidden\" name=\"referer_title\" value=\"Best\u00e4ll en publik IP-adress - Bahnhof\" \/>\n\n\t\t\t\t\t\t\t<input type=\"hidden\" name=\"queried_id\" value=\"12611\"\/>\n\t\t\t\n\t\t\t<div class=\"elementor-form-fields-wrapper elementor-labels-\">\n\t\t\t\t\t\t\t\t<div class=\"elementor-field-type-text elementor-field-group elementor-column elementor-field-group-field_5c375c7 elementor-col-100 elementor-field-required\">\n\t\t\t\t\t\t\t\t\t\t\t\t<label for=\"form-field-field_5c375c7\" class=\"elementor-field-label elementor-screen-only\">\n\t\t\t\t\t\t\t\tNuvarande IP-adress (XXX.XX.XX.XX)\t\t\t\t\t\t\t<\/label>\n\t\t\t\t\t\t\t\t\t\t\t\t\t\t<input size=\"1\" type=\"text\" name=\"form_fields[field_5c375c7]\" id=\"form-field-field_5c375c7\" class=\"elementor-field elementor-size-md  elementor-field-textual\" placeholder=\"Nuvarande IP-adress (XXX.XX.XX.XX)\" required=\"required\">\n\t\t\t\t\t\t\t\t\t\t\t<\/div>\n\t\t\t\t\t\t\t\t<div class=\"elementor-field-type-text elementor-field-group elementor-column elementor-field-group-field_2e3e780 elementor-col-100 elementor-field-required\">\n\t\t\t\t\t\t\t\t\t\t\t\t<label for=\"form-field-field_2e3e780\" class=\"elementor-field-label elementor-screen-only\">\n\t\t\t\t\t\t\t\tMAC-adress (t.ex. 0F:1E:2D:3C:4B:6A)\t\t\t\t\t\t\t<\/label>\n\t\t\t\t\t\t\t\t\t\t\t\t\t\t<input size=\"1\" type=\"text\" name=\"form_fields[field_2e3e780]\" id=\"form-field-field_2e3e780\" class=\"elementor-field elementor-size-md  elementor-field-textual\" placeholder=\"MAC-adress (t.ex. 0F:1E:2D:3C:4B:6A)\" required=\"required\">\n\t\t\t\t\t\t\t\t\t\t\t<\/div>\n\t\t\t\t\t\t\t\t<div class=\"elementor-field-type-text elementor-field-group elementor-column elementor-field-group-field_f8b070b elementor-col-100 elementor-field-required\">\n\t\t\t\t\t\t\t\t\t\t\t\t<label for=\"form-field-field_f8b070b\" class=\"elementor-field-label elementor-screen-only\">\n\t\t\t\t\t\t\t\tPersonnummer eller kundnummer\t\t\t\t\t\t\t<\/label>\n\t\t\t\t\t\t\t\t\t\t\t\t\t\t<input size=\"1\" type=\"text\" name=\"form_fields[field_f8b070b]\" id=\"form-field-field_f8b070b\" class=\"elementor-field elementor-size-md  elementor-field-textual\" placeholder=\"Personnummer eller kundnummer\" required=\"required\">\n\t\t\t\t\t\t\t\t\t\t\t<\/div>\n\t\t\t\t\t\t\t\t<div class=\"elementor-field-type-text elementor-field-group elementor-column elementor-field-group-field_9220992 elementor-col-100 elementor-field-required\">\n\t\t\t\t\t\t\t\t\t\t\t\t<label for=\"form-field-field_9220992\" class=\"elementor-field-label elementor-screen-only\">\n\t\t\t\t\t\t\t\tTelefon\t\t\t\t\t\t\t<\/label>\n\t\t\t\t\t\t\t\t\t\t\t\t\t\t<input size=\"1\" type=\"text\" name=\"form_fields[field_9220992]\" id=\"form-field-field_9220992\" class=\"elementor-field elementor-size-md  elementor-field-textual\" placeholder=\"Telefon\" required=\"required\">\n\t\t\t\t\t\t\t\t\t\t\t<\/div>\n\t\t\t\t\t\t\t\t<div class=\"elementor-field-type-email elementor-field-group elementor-column elementor-field-group-field_76adfaf elementor-col-100 elementor-field-required\">\n\t\t\t\t\t\t\t\t\t\t\t\t<label for=\"form-field-field_76adfaf\" class=\"elementor-field-label elementor-screen-only\">\n\t\t\t\t\t\t\t\tE-postadress\t\t\t\t\t\t\t<\/label>\n\t\t\t\t\t\t\t\t\t\t\t\t\t\t<input size=\"1\" type=\"email\" name=\"form_fields[field_76adfaf]\" id=\"form-field-field_76adfaf\" class=\"elementor-field elementor-size-md  elementor-field-textual\" placeholder=\"E-postadress\" required=\"required\">\n\t\t\t\t\t\t\t\t\t\t\t<\/div>\n\t\t\t\t\t\t\t\t<div class=\"elementor-field-group elementor-column elementor-field-type-submit elementor-col-100 e-form__buttons\">\n\t\t\t\t\t<button class=\"elementor-button elementor-size-sm\" type=\"submit\">\n\t\t\t\t\t\t<span class=\"elementor-button-content-wrapper\">\n\t\t\t\t\t\t\t\t\t\t\t\t\t\t\t\t\t\t\t\t\t\t<span class=\"elementor-button-text\">Skicka<\/span>\n\t\t\t\t\t\t\t\t\t\t\t\t\t<\/span>\n\t\t\t\t\t<\/button>\n\t\t\t\t<\/div>\n\t\t\t<\/div>\n\t\t<\/form>\n\t\t\t\t\t\t<\/div>\n\t\t\t\t<\/div>\n\t\t\t\t<\/div>\n\t\t\t\t\t<\/div>\n\t\t\t\t<\/div>\n\t\t\t\t<\/div>\n\t\t","protected":false},"excerpt":{"rendered":"<p>Best\u00e4ll en publik IP-adress En publik IP-adress beh\u00f6vs f\u00f6r tj\u00e4nster och enheter som du beh\u00f6ver \u00e5tkomst till utifr\u00e5n, fr\u00e5n andra delar av internet. Exempel p\u00e5 s\u00e5dana tj\u00e4nster och enheter kan vara en server eller en webbkamera. N\u00e4r du best\u00e4ller en offentlig IP-adress beh\u00f6ver vi veta IP-adressen och MAC-adressen (fysisk adress) f\u00f6r den enhet som \u00e4r [&hellip;]<\/p>\n","protected":false},"author":4,"featured_media":0,"parent":12603,"menu_order":0,"comment_status":"closed","ping_status":"closed","template":"elementor_header_footer","meta":{"footnotes":""},"class_list":["post-12611","page","type-page","status-publish","hentry"],"yoast_head":"<!-- This site is optimized with the Yoast SEO plugin v27.4 - https:\/\/yoast.com\/product\/yoast-seo-wordpress\/ -->\n<title>Best\u00e4ll en publik IP-adress - Bahnhof<\/title>\n<meta name=\"robots\" content=\"index, follow, max-snippet:-1, max-image-preview:large, max-video-preview:-1\" \/>\n<link rel=\"canonical\" href=\"https:\/\/bahnhof.fi\/sv\/yksityisille\/support\/bestall-en-publik-ip-adress\/\" \/>\n<meta property=\"og:locale\" content=\"sv_SE\" \/>\n<meta property=\"og:type\" content=\"article\" \/>\n<meta property=\"og:title\" content=\"Best\u00e4ll en publik IP-adress - Bahnhof\" \/>\n<meta property=\"og:description\" content=\"Best\u00e4ll en publik IP-adress En publik IP-adress beh\u00f6vs f\u00f6r tj\u00e4nster och enheter som du beh\u00f6ver \u00e5tkomst till utifr\u00e5n, fr\u00e5n andra delar av internet. Exempel p\u00e5 s\u00e5dana tj\u00e4nster och enheter kan vara en server eller en webbkamera. N\u00e4r du best\u00e4ller en offentlig IP-adress beh\u00f6ver vi veta IP-adressen och MAC-adressen (fysisk adress) f\u00f6r den enhet som \u00e4r [&hellip;]\" \/>\n<meta property=\"og:url\" content=\"https:\/\/bahnhof.fi\/sv\/yksityisille\/support\/bestall-en-publik-ip-adress\/\" \/>\n<meta property=\"og:site_name\" content=\"Bahnhof\" \/>\n<meta property=\"article:modified_time\" content=\"2025-03-03T15:06:06+00:00\" \/>\n<meta name=\"twitter:card\" content=\"summary_large_image\" \/>\n<meta name=\"twitter:label1\" content=\"Ber\u00e4knad l\u00e4stid\" \/>\n\t<meta name=\"twitter:data1\" content=\"1 minut\" \/>\n<script type=\"application\/ld+json\" class=\"yoast-schema-graph\">{\"@context\":\"https:\\\/\\\/schema.org\",\"@graph\":[{\"@type\":\"WebPage\",\"@id\":\"https:\\\/\\\/bahnhof.fi\\\/sv\\\/yksityisille\\\/support\\\/bestall-en-publik-ip-adress\\\/\",\"url\":\"https:\\\/\\\/bahnhof.fi\\\/sv\\\/yksityisille\\\/support\\\/bestall-en-publik-ip-adress\\\/\",\"name\":\"Best\u00e4ll en publik IP-adress - Bahnhof\",\"isPartOf\":{\"@id\":\"https:\\\/\\\/bahnhof.fi\\\/#website\"},\"datePublished\":\"2025-03-03T15:06:05+00:00\",\"dateModified\":\"2025-03-03T15:06:06+00:00\",\"breadcrumb\":{\"@id\":\"https:\\\/\\\/bahnhof.fi\\\/sv\\\/yksityisille\\\/support\\\/bestall-en-publik-ip-adress\\\/#breadcrumb\"},\"inLanguage\":\"sv-SE\",\"potentialAction\":[{\"@type\":\"ReadAction\",\"target\":[\"https:\\\/\\\/bahnhof.fi\\\/sv\\\/yksityisille\\\/support\\\/bestall-en-publik-ip-adress\\\/\"]}]},{\"@type\":\"BreadcrumbList\",\"@id\":\"https:\\\/\\\/bahnhof.fi\\\/sv\\\/yksityisille\\\/support\\\/bestall-en-publik-ip-adress\\\/#breadcrumb\",\"itemListElement\":[{\"@type\":\"ListItem\",\"position\":1,\"name\":\"Hem\",\"item\":\"https:\\\/\\\/bahnhof.fi\\\/\"},{\"@type\":\"ListItem\",\"position\":2,\"name\":\"Bahnhof &#8211; Internet med sekretess\",\"item\":\"https:\\\/\\\/bahnhof.fi\\\/\"},{\"@type\":\"ListItem\",\"position\":3,\"name\":\"Kundservice\",\"item\":\"https:\\\/\\\/bahnhof.fi\\\/sv\\\/yksityisille\\\/support\\\/\"},{\"@type\":\"ListItem\",\"position\":4,\"name\":\"Best\u00e4ll en publik IP-adress\"}]},{\"@type\":\"WebSite\",\"@id\":\"https:\\\/\\\/bahnhof.fi\\\/#website\",\"url\":\"https:\\\/\\\/bahnhof.fi\\\/\",\"name\":\"Bahnhof\",\"description\":\" Internet med sekretess\",\"publisher\":{\"@id\":\"https:\\\/\\\/bahnhof.fi\\\/#organization\"},\"potentialAction\":[{\"@type\":\"SearchAction\",\"target\":{\"@type\":\"EntryPoint\",\"urlTemplate\":\"https:\\\/\\\/bahnhof.fi\\\/?s={search_term_string}\"},\"query-input\":{\"@type\":\"PropertyValueSpecification\",\"valueRequired\":true,\"valueName\":\"search_term_string\"}}],\"inLanguage\":\"sv-SE\"},{\"@type\":\"Organization\",\"@id\":\"https:\\\/\\\/bahnhof.fi\\\/#organization\",\"name\":\"Bahnhof\",\"url\":\"https:\\\/\\\/bahnhof.fi\\\/\",\"logo\":{\"@type\":\"ImageObject\",\"inLanguage\":\"sv-SE\",\"@id\":\"https:\\\/\\\/bahnhof.fi\\\/#\\\/schema\\\/logo\\\/image\\\/\",\"url\":\"https:\\\/\\\/bahnhof.fi\\\/wp-content\\\/uploads\\\/2022\\\/10\\\/01_BL_OR_Bahnhof_RGB.svg\",\"contentUrl\":\"https:\\\/\\\/bahnhof.fi\\\/wp-content\\\/uploads\\\/2022\\\/10\\\/01_BL_OR_Bahnhof_RGB.svg\",\"caption\":\"Bahnhof\"},\"image\":{\"@id\":\"https:\\\/\\\/bahnhof.fi\\\/#\\\/schema\\\/logo\\\/image\\\/\"}}]}<\/script>\n<!-- \/ Yoast SEO plugin. -->","yoast_head_json":{"title":"Best\u00e4ll en publik IP-adress - Bahnhof","robots":{"index":"index","follow":"follow","max-snippet":"max-snippet:-1","max-image-preview":"max-image-preview:large","max-video-preview":"max-video-preview:-1"},"canonical":"https:\/\/bahnhof.fi\/sv\/yksityisille\/support\/bestall-en-publik-ip-adress\/","og_locale":"sv_SE","og_type":"article","og_title":"Best\u00e4ll en publik IP-adress - Bahnhof","og_description":"Best\u00e4ll en publik IP-adress En publik IP-adress beh\u00f6vs f\u00f6r tj\u00e4nster och enheter som du beh\u00f6ver \u00e5tkomst till utifr\u00e5n, fr\u00e5n andra delar av internet. Exempel p\u00e5 s\u00e5dana tj\u00e4nster och enheter kan vara en server eller en webbkamera. N\u00e4r du best\u00e4ller en offentlig IP-adress beh\u00f6ver vi veta IP-adressen och MAC-adressen (fysisk adress) f\u00f6r den enhet som \u00e4r [&hellip;]","og_url":"https:\/\/bahnhof.fi\/sv\/yksityisille\/support\/bestall-en-publik-ip-adress\/","og_site_name":"Bahnhof","article_modified_time":"2025-03-03T15:06:06+00:00","twitter_card":"summary_large_image","twitter_misc":{"Ber\u00e4knad l\u00e4stid":"1 minut"},"schema":{"@context":"https:\/\/schema.org","@graph":[{"@type":"WebPage","@id":"https:\/\/bahnhof.fi\/sv\/yksityisille\/support\/bestall-en-publik-ip-adress\/","url":"https:\/\/bahnhof.fi\/sv\/yksityisille\/support\/bestall-en-publik-ip-adress\/","name":"Best\u00e4ll en publik IP-adress - Bahnhof","isPartOf":{"@id":"https:\/\/bahnhof.fi\/#website"},"datePublished":"2025-03-03T15:06:05+00:00","dateModified":"2025-03-03T15:06:06+00:00","breadcrumb":{"@id":"https:\/\/bahnhof.fi\/sv\/yksityisille\/support\/bestall-en-publik-ip-adress\/#breadcrumb"},"inLanguage":"sv-SE","potentialAction":[{"@type":"ReadAction","target":["https:\/\/bahnhof.fi\/sv\/yksityisille\/support\/bestall-en-publik-ip-adress\/"]}]},{"@type":"BreadcrumbList","@id":"https:\/\/bahnhof.fi\/sv\/yksityisille\/support\/bestall-en-publik-ip-adress\/#breadcrumb","itemListElement":[{"@type":"ListItem","position":1,"name":"Hem","item":"https:\/\/bahnhof.fi\/"},{"@type":"ListItem","position":2,"name":"Bahnhof &#8211; Internet med sekretess","item":"https:\/\/bahnhof.fi\/"},{"@type":"ListItem","position":3,"name":"Kundservice","item":"https:\/\/bahnhof.fi\/sv\/yksityisille\/support\/"},{"@type":"ListItem","position":4,"name":"Best\u00e4ll en publik IP-adress"}]},{"@type":"WebSite","@id":"https:\/\/bahnhof.fi\/#website","url":"https:\/\/bahnhof.fi\/","name":"Bahnhof","description":" Internet med sekretess","publisher":{"@id":"https:\/\/bahnhof.fi\/#organization"},"potentialAction":[{"@type":"SearchAction","target":{"@type":"EntryPoint","urlTemplate":"https:\/\/bahnhof.fi\/?s={search_term_string}"},"query-input":{"@type":"PropertyValueSpecification","valueRequired":true,"valueName":"search_term_string"}}],"inLanguage":"sv-SE"},{"@type":"Organization","@id":"https:\/\/bahnhof.fi\/#organization","name":"Bahnhof","url":"https:\/\/bahnhof.fi\/","logo":{"@type":"ImageObject","inLanguage":"sv-SE","@id":"https:\/\/bahnhof.fi\/#\/schema\/logo\/image\/","url":"https:\/\/bahnhof.fi\/wp-content\/uploads\/2022\/10\/01_BL_OR_Bahnhof_RGB.svg","contentUrl":"https:\/\/bahnhof.fi\/wp-content\/uploads\/2022\/10\/01_BL_OR_Bahnhof_RGB.svg","caption":"Bahnhof"},"image":{"@id":"https:\/\/bahnhof.fi\/#\/schema\/logo\/image\/"}}]}},"_links":{"self":[{"href":"https:\/\/bahnhof.fi\/sv\/wp-json\/wp\/v2\/pages\/12611","targetHints":{"allow":["GET"]}}],"collection":[{"href":"https:\/\/bahnhof.fi\/sv\/wp-json\/wp\/v2\/pages"}],"about":[{"href":"https:\/\/bahnhof.fi\/sv\/wp-json\/wp\/v2\/types\/page"}],"author":[{"embeddable":true,"href":"https:\/\/bahnhof.fi\/sv\/wp-json\/wp\/v2\/users\/4"}],"replies":[{"embeddable":true,"href":"https:\/\/bahnhof.fi\/sv\/wp-json\/wp\/v2\/comments?post=12611"}],"version-history":[{"count":0,"href":"https:\/\/bahnhof.fi\/sv\/wp-json\/wp\/v2\/pages\/12611\/revisions"}],"up":[{"embeddable":true,"href":"https:\/\/bahnhof.fi\/sv\/wp-json\/wp\/v2\/pages\/12603"}],"wp:attachment":[{"href":"https:\/\/bahnhof.fi\/sv\/wp-json\/wp\/v2\/media?parent=12611"}],"curies":[{"name":"wp","href":"https:\/\/api.w.org\/{rel}","templated":true}]}}