{"id":12139,"date":"2025-02-26T16:48:02","date_gmt":"2025-02-26T15:48:02","guid":{"rendered":"https:\/\/bahnhof.fi\/nyheter-2\/"},"modified":"2025-02-26T16:48:31","modified_gmt":"2025-02-26T15:48:31","slug":"uutiset","status":"publish","type":"page","link":"https:\/\/bahnhof.fi\/sv\/uutiset\/","title":{"rendered":"Nyheter"},"content":{"rendered":"\t\t<div data-elementor-type=\"wp-page\" data-elementor-id=\"12139\" class=\"elementor elementor-12139 elementor-5038\" data-elementor-post-type=\"page\">\n\t\t\t\t<div data-particle_enable=\"false\" data-particle-mobile-disabled=\"false\" class=\"elementor-element elementor-element-26b288f e-flex e-con-boxed e-con e-parent\" data-id=\"26b288f\" data-element_type=\"container\" data-e-type=\"container\" data-settings=\"{&quot;background_background&quot;:&quot;classic&quot;,&quot;shape_divider_bottom&quot;:&quot;tilt&quot;}\">\n\t\t\t\t\t<div class=\"e-con-inner\">\n\t\t\t\t<div class=\"elementor-shape elementor-shape-bottom\" aria-hidden=\"true\" data-negative=\"false\">\n\t\t\t<svg xmlns=\"http:\/\/www.w3.org\/2000\/svg\" viewBox=\"0 0 1000 100\" preserveAspectRatio=\"none\">\n\t<path class=\"elementor-shape-fill\" d=\"M0,6V0h1000v100L0,6z\"\/>\n<\/svg>\t\t<\/div>\n\t\t<div data-particle_enable=\"false\" data-particle-mobile-disabled=\"false\" class=\"elementor-element elementor-element-6204bac e-con-full e-flex e-con e-child\" data-id=\"6204bac\" data-element_type=\"container\" data-e-type=\"container\" data-settings=\"{&quot;background_background&quot;:&quot;classic&quot;}\">\n\t\t\t\t<div class=\"elementor-element elementor-element-121f66a elementor-widget elementor-widget-heading\" data-id=\"121f66a\" data-element_type=\"widget\" data-e-type=\"widget\" data-widget_type=\"heading.default\">\n\t\t\t\t<div class=\"elementor-widget-container\">\n\t\t\t\t\t<h1 class=\"elementor-heading-title elementor-size-default\">Nyheter<\/h1>\t\t\t\t<\/div>\n\t\t\t\t<\/div>\n\t\t\t\t<div class=\"elementor-element elementor-element-f2e1910 elementor-widget elementor-widget-text-editor\" data-id=\"f2e1910\" data-element_type=\"widget\" data-e-type=\"widget\" data-widget_type=\"text-editor.default\">\n\t\t\t\t<div class=\"elementor-widget-container\">\n\t\t\t\t\t\t\t\t\t<p>H\u00e4r hittar du de senaste uppdateringarna och nyheterna fr\u00e5n Bahnhof.<\/p>\n\t\t\t\t\t\t\t\t<\/div>\n\t\t\t\t<\/div>\n\t\t\t\t<\/div>\n\t\t\t\t\t<\/div>\n\t\t\t\t<\/div>\n\t\t<div data-particle_enable=\"false\" data-particle-mobile-disabled=\"false\" class=\"elementor-element elementor-element-e675ee5 e-flex e-con-boxed e-con e-parent\" data-id=\"e675ee5\" data-element_type=\"container\" data-e-type=\"container\">\n\t\t\t\t\t<div class=\"e-con-inner\">\n\t\t\t\t<div class=\"elementor-element elementor-element-5daf9aa elementor-grid-3 elementor-grid-tablet-2 elementor-grid-mobile-1 elementor-posts--thumbnail-top load-more-align-center elementor-widget elementor-widget-posts\" data-id=\"5daf9aa\" data-element_type=\"widget\" data-e-type=\"widget\" data-settings=\"{&quot;pagination_type&quot;:&quot;load_more_on_click&quot;,&quot;classic_columns&quot;:&quot;3&quot;,&quot;classic_columns_tablet&quot;:&quot;2&quot;,&quot;classic_columns_mobile&quot;:&quot;1&quot;,&quot;classic_row_gap&quot;:{&quot;unit&quot;:&quot;px&quot;,&quot;size&quot;:35,&quot;sizes&quot;:[]},&quot;classic_row_gap_widescreen&quot;:{&quot;unit&quot;:&quot;px&quot;,&quot;size&quot;:&quot;&quot;,&quot;sizes&quot;:[]},&quot;classic_row_gap_laptop&quot;:{&quot;unit&quot;:&quot;px&quot;,&quot;size&quot;:&quot;&quot;,&quot;sizes&quot;:[]},&quot;classic_row_gap_tablet&quot;:{&quot;unit&quot;:&quot;px&quot;,&quot;size&quot;:&quot;&quot;,&quot;sizes&quot;:[]},&quot;classic_row_gap_mobile&quot;:{&quot;unit&quot;:&quot;px&quot;,&quot;size&quot;:&quot;&quot;,&quot;sizes&quot;:[]},&quot;load_more_spinner&quot;:{&quot;value&quot;:&quot;fas fa-spinner&quot;,&quot;library&quot;:&quot;fa-solid&quot;}}\" data-widget_type=\"posts.classic\">\n\t\t\t\t<div class=\"elementor-widget-container\">\n\t\t\t\t\t\t\t<div class=\"elementor-posts-container elementor-posts elementor-posts--skin-classic elementor-grid\" role=\"list\">\n\t\t\t\t<article class=\"elementor-post elementor-grid-item post-7595 post type-post status-publish format-standard has-post-thumbnail hentry category-okategoriserad\" role=\"listitem\">\n\t\t\t\t<a class=\"elementor-post__thumbnail__link\" href=\"https:\/\/bahnhof.fi\/sv\/bahnhof-startar-echo-helsinki-propagandafri-radio-for-den-ryska-befolkningen-mot-kriget\/\" tabindex=\"-1\" >\n\t\t\t<div class=\"elementor-post__thumbnail\"><img fetchpriority=\"high\" decoding=\"async\" width=\"1600\" height=\"900\" src=\"https:\/\/bahnhof.fi\/wp-content\/uploads\/2023\/11\/helsinki-group-small2.png\" class=\"attachment-full size-full wp-image-7597\" alt=\"\" srcset=\"https:\/\/bahnhof.fi\/wp-content\/uploads\/2023\/11\/helsinki-group-small2.png 1600w, https:\/\/bahnhof.fi\/wp-content\/uploads\/2023\/11\/helsinki-group-small2-300x169.png 300w, https:\/\/bahnhof.fi\/wp-content\/uploads\/2023\/11\/helsinki-group-small2-1024x576.png 1024w, https:\/\/bahnhof.fi\/wp-content\/uploads\/2023\/11\/helsinki-group-small2-768x432.png 768w, https:\/\/bahnhof.fi\/wp-content\/uploads\/2023\/11\/helsinki-group-small2-1536x864.png 1536w\" sizes=\"(max-width: 1600px) 100vw, 1600px\" \/><\/div>\n\t\t<\/a>\n\t\t\t\t<div class=\"elementor-post__text\">\n\t\t\t\t<h3 class=\"elementor-post__title\">\n\t\t\t<a href=\"https:\/\/bahnhof.fi\/sv\/bahnhof-startar-echo-helsinki-propagandafri-radio-for-den-ryska-befolkningen-mot-kriget\/\" >\n\t\t\t\tBahnhof startar Echo Helsinki \u2013 Propagandafri radio f\u00f6r den ryska befolkningen, mot kriget\t\t\t<\/a>\n\t\t<\/h3>\n\t\t\t\t<div class=\"elementor-post__meta-data\">\n\t\t\t\t\t<span class=\"elementor-post-date\">\n\t\t\t28 november 2023\t\t<\/span>\n\t\t\t\t<\/div>\n\t\t\t\t<\/div>\n\t\t\t\t<\/article>\n\t\t\t\t<article class=\"elementor-post elementor-grid-item post-5233 post type-post status-publish format-standard has-post-thumbnail hentry category-okategoriserad\" role=\"listitem\">\n\t\t\t\t<a class=\"elementor-post__thumbnail__link\" href=\"https:\/\/bahnhof.fi\/sv\/nu-slapps-bahnhofs-och-tp-links-rekordsnabba-wifi-7\/\" tabindex=\"-1\" >\n\t\t\t<div class=\"elementor-post__thumbnail\"><img decoding=\"async\" width=\"942\" height=\"505\" src=\"https:\/\/bahnhof.fi\/wp-content\/uploads\/2023\/04\/wifisuomi.png\" class=\"attachment-full size-full wp-image-5231\" alt=\"\" srcset=\"https:\/\/bahnhof.fi\/wp-content\/uploads\/2023\/04\/wifisuomi.png 942w, https:\/\/bahnhof.fi\/wp-content\/uploads\/2023\/04\/wifisuomi-300x161.png 300w, https:\/\/bahnhof.fi\/wp-content\/uploads\/2023\/04\/wifisuomi-768x412.png 768w\" sizes=\"(max-width: 942px) 100vw, 942px\" \/><\/div>\n\t\t<\/a>\n\t\t\t\t<div class=\"elementor-post__text\">\n\t\t\t\t<h3 class=\"elementor-post__title\">\n\t\t\t<a href=\"https:\/\/bahnhof.fi\/sv\/nu-slapps-bahnhofs-och-tp-links-rekordsnabba-wifi-7\/\" >\n\t\t\t\tNu sl\u00e4pps Bahnhofs och TP-Links rekordsnabba WiFi 7\t\t\t<\/a>\n\t\t<\/h3>\n\t\t\t\t<div class=\"elementor-post__meta-data\">\n\t\t\t\t\t<span class=\"elementor-post-date\">\n\t\t\t3 april 2023\t\t<\/span>\n\t\t\t\t<\/div>\n\t\t\t\t<\/div>\n\t\t\t\t<\/article>\n\t\t\t\t<article class=\"elementor-post elementor-grid-item post-5104 post type-post status-publish format-standard has-post-thumbnail hentry category-okategoriserad\" role=\"listitem\">\n\t\t\t\t<a class=\"elementor-post__thumbnail__link\" href=\"https:\/\/bahnhof.fi\/sv\/det-har-ar-bahnhof\/\" tabindex=\"-1\" >\n\t\t\t<div class=\"elementor-post__thumbnail\"><img decoding=\"async\" width=\"2560\" height=\"1902\" src=\"https:\/\/bahnhof.fi\/wp-content\/uploads\/2023\/03\/pionen_09_sv_tech-scaled.jpg\" class=\"attachment-full size-full wp-image-5085\" alt=\"\" srcset=\"https:\/\/bahnhof.fi\/wp-content\/uploads\/2023\/03\/pionen_09_sv_tech-scaled.jpg 2560w, https:\/\/bahnhof.fi\/wp-content\/uploads\/2023\/03\/pionen_09_sv_tech-300x223.jpg 300w, https:\/\/bahnhof.fi\/wp-content\/uploads\/2023\/03\/pionen_09_sv_tech-1024x761.jpg 1024w, https:\/\/bahnhof.fi\/wp-content\/uploads\/2023\/03\/pionen_09_sv_tech-768x571.jpg 768w, https:\/\/bahnhof.fi\/wp-content\/uploads\/2023\/03\/pionen_09_sv_tech-1536x1141.jpg 1536w, https:\/\/bahnhof.fi\/wp-content\/uploads\/2023\/03\/pionen_09_sv_tech-2048x1521.jpg 2048w\" sizes=\"(max-width: 2560px) 100vw, 2560px\" \/><\/div>\n\t\t<\/a>\n\t\t\t\t<div class=\"elementor-post__text\">\n\t\t\t\t<h3 class=\"elementor-post__title\">\n\t\t\t<a href=\"https:\/\/bahnhof.fi\/sv\/det-har-ar-bahnhof\/\" >\n\t\t\t\tDet h\u00e4r \u00e4r Bahnhof\t\t\t<\/a>\n\t\t<\/h3>\n\t\t\t\t<div class=\"elementor-post__meta-data\">\n\t\t\t\t\t<span class=\"elementor-post-date\">\n\t\t\t15 mars 2023\t\t<\/span>\n\t\t\t\t<\/div>\n\t\t\t\t<\/div>\n\t\t\t\t<\/article>\n\t\t\t\t<article class=\"elementor-post elementor-grid-item post-5017 post type-post status-publish format-standard has-post-thumbnail hentry category-uutiset\" role=\"listitem\">\n\t\t\t\t<a class=\"elementor-post__thumbnail__link\" href=\"https:\/\/bahnhof.fi\/sv\/darfor-ar-kartan-korrekt\/\" tabindex=\"-1\" >\n\t\t\t<div class=\"elementor-post__thumbnail\"><img loading=\"lazy\" decoding=\"async\" width=\"1427\" height=\"677\" src=\"https:\/\/bahnhof.fi\/wp-content\/uploads\/2023\/03\/suomibahnhof.png\" class=\"attachment-full size-full wp-image-5019\" alt=\"\" srcset=\"https:\/\/bahnhof.fi\/wp-content\/uploads\/2023\/03\/suomibahnhof.png 1427w, https:\/\/bahnhof.fi\/wp-content\/uploads\/2023\/03\/suomibahnhof-300x142.png 300w, https:\/\/bahnhof.fi\/wp-content\/uploads\/2023\/03\/suomibahnhof-1024x486.png 1024w, https:\/\/bahnhof.fi\/wp-content\/uploads\/2023\/03\/suomibahnhof-768x364.png 768w\" sizes=\"(max-width: 1427px) 100vw, 1427px\" \/><\/div>\n\t\t<\/a>\n\t\t\t\t<div class=\"elementor-post__text\">\n\t\t\t\t<h3 class=\"elementor-post__title\">\n\t\t\t<a href=\"https:\/\/bahnhof.fi\/sv\/darfor-ar-kartan-korrekt\/\" >\n\t\t\t\tD\u00e4rf\u00f6r \u00e4r kartan korrekt\t\t\t<\/a>\n\t\t<\/h3>\n\t\t\t\t<div class=\"elementor-post__meta-data\">\n\t\t\t\t\t<span class=\"elementor-post-date\">\n\t\t\t14 mars 2023\t\t<\/span>\n\t\t\t\t<\/div>\n\t\t\t\t<\/div>\n\t\t\t\t<\/article>\n\t\t\t\t<article class=\"elementor-post elementor-grid-item post-5100 post type-post status-publish format-standard has-post-thumbnail hentry category-okategoriserad\" role=\"listitem\">\n\t\t\t\t<a class=\"elementor-post__thumbnail__link\" href=\"https:\/\/bahnhof.fi\/sv\/bahnhof-antligen-i-finland\/\" tabindex=\"-1\" >\n\t\t\t<div class=\"elementor-post__thumbnail\"><img loading=\"lazy\" decoding=\"async\" width=\"1920\" height=\"1080\" src=\"https:\/\/bahnhof.fi\/wp-content\/uploads\/2022\/11\/helsinki.jpg\" class=\"attachment-full size-full wp-image-899\" alt=\"\" srcset=\"https:\/\/bahnhof.fi\/wp-content\/uploads\/2022\/11\/helsinki.jpg 1920w, https:\/\/bahnhof.fi\/wp-content\/uploads\/2022\/11\/helsinki-300x169.jpg 300w, https:\/\/bahnhof.fi\/wp-content\/uploads\/2022\/11\/helsinki-1024x576.jpg 1024w, https:\/\/bahnhof.fi\/wp-content\/uploads\/2022\/11\/helsinki-768x432.jpg 768w, https:\/\/bahnhof.fi\/wp-content\/uploads\/2022\/11\/helsinki-1536x864.jpg 1536w\" sizes=\"(max-width: 1920px) 100vw, 1920px\" \/><\/div>\n\t\t<\/a>\n\t\t\t\t<div class=\"elementor-post__text\">\n\t\t\t\t<h3 class=\"elementor-post__title\">\n\t\t\t<a href=\"https:\/\/bahnhof.fi\/sv\/bahnhof-antligen-i-finland\/\" >\n\t\t\t\tInternet med sekretess \u2013 \u00e4ntligen i Finland!\t\t\t<\/a>\n\t\t<\/h3>\n\t\t\t\t<div class=\"elementor-post__meta-data\">\n\t\t\t\t\t<span class=\"elementor-post-date\">\n\t\t\t31 januari 2023\t\t<\/span>\n\t\t\t\t<\/div>\n\t\t\t\t<\/div>\n\t\t\t\t<\/article>\n\t\t\t\t<\/div>\n\t\t\t\t\t<span class=\"e-load-more-spinner\">\n\t\t\t\t<i aria-hidden=\"true\" class=\"fas fa-spinner\"><\/i>\t\t\t<\/span>\n\t\t\n\t\t\t\t\t\t<\/div>\n\t\t\t\t<\/div>\n\t\t\t\t\t<\/div>\n\t\t\t\t<\/div>\n\t\t\t\t<\/div>\n\t\t","protected":false},"excerpt":{"rendered":"<p>Nyheter H\u00e4r hittar du de senaste uppdateringarna och nyheterna fr\u00e5n Bahnhof.<\/p>\n","protected":false},"author":4,"featured_media":0,"parent":0,"menu_order":0,"comment_status":"closed","ping_status":"closed","template":"elementor_header_footer","meta":{"footnotes":""},"class_list":["post-12139","page","type-page","status-publish","hentry"],"yoast_head":"<!-- This site is optimized with the Yoast SEO plugin v27.4 - https:\/\/yoast.com\/product\/yoast-seo-wordpress\/ -->\n<title>Nyheter - Bahnhof<\/title>\n<meta name=\"robots\" content=\"index, follow, max-snippet:-1, max-image-preview:large, max-video-preview:-1\" \/>\n<link rel=\"canonical\" href=\"https:\/\/bahnhof.fi\/sv\/uutiset\/\" \/>\n<meta property=\"og:locale\" content=\"sv_SE\" \/>\n<meta property=\"og:type\" content=\"article\" \/>\n<meta property=\"og:title\" content=\"Nyheter - Bahnhof\" \/>\n<meta property=\"og:description\" content=\"Nyheter H\u00e4r hittar du de senaste uppdateringarna och nyheterna fr\u00e5n Bahnhof.\" \/>\n<meta property=\"og:url\" content=\"https:\/\/bahnhof.fi\/sv\/uutiset\/\" \/>\n<meta property=\"og:site_name\" content=\"Bahnhof\" \/>\n<meta property=\"article:modified_time\" content=\"2025-02-26T15:48:31+00:00\" \/>\n<meta name=\"twitter:card\" content=\"summary_large_image\" \/>\n<script type=\"application\/ld+json\" class=\"yoast-schema-graph\">{\"@context\":\"https:\\\/\\\/schema.org\",\"@graph\":[{\"@type\":\"WebPage\",\"@id\":\"https:\\\/\\\/bahnhof.fi\\\/sv\\\/uutiset\\\/\",\"url\":\"https:\\\/\\\/bahnhof.fi\\\/sv\\\/uutiset\\\/\",\"name\":\"Nyheter - Bahnhof\",\"isPartOf\":{\"@id\":\"https:\\\/\\\/bahnhof.fi\\\/#website\"},\"datePublished\":\"2025-02-26T15:48:02+00:00\",\"dateModified\":\"2025-02-26T15:48:31+00:00\",\"breadcrumb\":{\"@id\":\"https:\\\/\\\/bahnhof.fi\\\/sv\\\/uutiset\\\/#breadcrumb\"},\"inLanguage\":\"sv-SE\",\"potentialAction\":[{\"@type\":\"ReadAction\",\"target\":[\"https:\\\/\\\/bahnhof.fi\\\/sv\\\/uutiset\\\/\"]}]},{\"@type\":\"BreadcrumbList\",\"@id\":\"https:\\\/\\\/bahnhof.fi\\\/sv\\\/uutiset\\\/#breadcrumb\",\"itemListElement\":[{\"@type\":\"ListItem\",\"position\":1,\"name\":\"Hem\",\"item\":\"https:\\\/\\\/bahnhof.fi\\\/\"},{\"@type\":\"ListItem\",\"position\":2,\"name\":\"Nyheter\"}]},{\"@type\":\"WebSite\",\"@id\":\"https:\\\/\\\/bahnhof.fi\\\/#website\",\"url\":\"https:\\\/\\\/bahnhof.fi\\\/\",\"name\":\"Bahnhof\",\"description\":\" Internet med sekretess\",\"publisher\":{\"@id\":\"https:\\\/\\\/bahnhof.fi\\\/#organization\"},\"potentialAction\":[{\"@type\":\"SearchAction\",\"target\":{\"@type\":\"EntryPoint\",\"urlTemplate\":\"https:\\\/\\\/bahnhof.fi\\\/?s={search_term_string}\"},\"query-input\":{\"@type\":\"PropertyValueSpecification\",\"valueRequired\":true,\"valueName\":\"search_term_string\"}}],\"inLanguage\":\"sv-SE\"},{\"@type\":\"Organization\",\"@id\":\"https:\\\/\\\/bahnhof.fi\\\/#organization\",\"name\":\"Bahnhof\",\"url\":\"https:\\\/\\\/bahnhof.fi\\\/\",\"logo\":{\"@type\":\"ImageObject\",\"inLanguage\":\"sv-SE\",\"@id\":\"https:\\\/\\\/bahnhof.fi\\\/#\\\/schema\\\/logo\\\/image\\\/\",\"url\":\"https:\\\/\\\/bahnhof.fi\\\/wp-content\\\/uploads\\\/2022\\\/10\\\/01_BL_OR_Bahnhof_RGB.svg\",\"contentUrl\":\"https:\\\/\\\/bahnhof.fi\\\/wp-content\\\/uploads\\\/2022\\\/10\\\/01_BL_OR_Bahnhof_RGB.svg\",\"caption\":\"Bahnhof\"},\"image\":{\"@id\":\"https:\\\/\\\/bahnhof.fi\\\/#\\\/schema\\\/logo\\\/image\\\/\"}}]}<\/script>\n<!-- \/ Yoast SEO plugin. -->","yoast_head_json":{"title":"Nyheter - Bahnhof","robots":{"index":"index","follow":"follow","max-snippet":"max-snippet:-1","max-image-preview":"max-image-preview:large","max-video-preview":"max-video-preview:-1"},"canonical":"https:\/\/bahnhof.fi\/sv\/uutiset\/","og_locale":"sv_SE","og_type":"article","og_title":"Nyheter - Bahnhof","og_description":"Nyheter H\u00e4r hittar du de senaste uppdateringarna och nyheterna fr\u00e5n Bahnhof.","og_url":"https:\/\/bahnhof.fi\/sv\/uutiset\/","og_site_name":"Bahnhof","article_modified_time":"2025-02-26T15:48:31+00:00","twitter_card":"summary_large_image","schema":{"@context":"https:\/\/schema.org","@graph":[{"@type":"WebPage","@id":"https:\/\/bahnhof.fi\/sv\/uutiset\/","url":"https:\/\/bahnhof.fi\/sv\/uutiset\/","name":"Nyheter - Bahnhof","isPartOf":{"@id":"https:\/\/bahnhof.fi\/#website"},"datePublished":"2025-02-26T15:48:02+00:00","dateModified":"2025-02-26T15:48:31+00:00","breadcrumb":{"@id":"https:\/\/bahnhof.fi\/sv\/uutiset\/#breadcrumb"},"inLanguage":"sv-SE","potentialAction":[{"@type":"ReadAction","target":["https:\/\/bahnhof.fi\/sv\/uutiset\/"]}]},{"@type":"BreadcrumbList","@id":"https:\/\/bahnhof.fi\/sv\/uutiset\/#breadcrumb","itemListElement":[{"@type":"ListItem","position":1,"name":"Hem","item":"https:\/\/bahnhof.fi\/"},{"@type":"ListItem","position":2,"name":"Nyheter"}]},{"@type":"WebSite","@id":"https:\/\/bahnhof.fi\/#website","url":"https:\/\/bahnhof.fi\/","name":"Bahnhof","description":" Internet med sekretess","publisher":{"@id":"https:\/\/bahnhof.fi\/#organization"},"potentialAction":[{"@type":"SearchAction","target":{"@type":"EntryPoint","urlTemplate":"https:\/\/bahnhof.fi\/?s={search_term_string}"},"query-input":{"@type":"PropertyValueSpecification","valueRequired":true,"valueName":"search_term_string"}}],"inLanguage":"sv-SE"},{"@type":"Organization","@id":"https:\/\/bahnhof.fi\/#organization","name":"Bahnhof","url":"https:\/\/bahnhof.fi\/","logo":{"@type":"ImageObject","inLanguage":"sv-SE","@id":"https:\/\/bahnhof.fi\/#\/schema\/logo\/image\/","url":"https:\/\/bahnhof.fi\/wp-content\/uploads\/2022\/10\/01_BL_OR_Bahnhof_RGB.svg","contentUrl":"https:\/\/bahnhof.fi\/wp-content\/uploads\/2022\/10\/01_BL_OR_Bahnhof_RGB.svg","caption":"Bahnhof"},"image":{"@id":"https:\/\/bahnhof.fi\/#\/schema\/logo\/image\/"}}]}},"_links":{"self":[{"href":"https:\/\/bahnhof.fi\/sv\/wp-json\/wp\/v2\/pages\/12139","targetHints":{"allow":["GET"]}}],"collection":[{"href":"https:\/\/bahnhof.fi\/sv\/wp-json\/wp\/v2\/pages"}],"about":[{"href":"https:\/\/bahnhof.fi\/sv\/wp-json\/wp\/v2\/types\/page"}],"author":[{"embeddable":true,"href":"https:\/\/bahnhof.fi\/sv\/wp-json\/wp\/v2\/users\/4"}],"replies":[{"embeddable":true,"href":"https:\/\/bahnhof.fi\/sv\/wp-json\/wp\/v2\/comments?post=12139"}],"version-history":[{"count":0,"href":"https:\/\/bahnhof.fi\/sv\/wp-json\/wp\/v2\/pages\/12139\/revisions"}],"wp:attachment":[{"href":"https:\/\/bahnhof.fi\/sv\/wp-json\/wp\/v2\/media?parent=12139"}],"curies":[{"name":"wp","href":"https:\/\/api.w.org\/{rel}","templated":true}]}}